{"id":3478,"date":"2025-08-05T13:33:43","date_gmt":"2025-08-05T13:33:43","guid":{"rendered":"https:\/\/nutriratxe.com\/?page_id=3478"},"modified":"2025-08-05T15:28:35","modified_gmt":"2025-08-05T15:28:35","slug":"equipo","status":"publish","type":"page","link":"https:\/\/nutriratxe.com\/index.php\/equipo\/","title":{"rendered":"Equipo"},"content":{"rendered":"\t\t<div data-elementor-type=\"wp-page\" data-elementor-id=\"3478\" class=\"elementor elementor-3478\" data-elementor-settings=\"[]\">\n\t\t\t\t\t\t<div class=\"elementor-inner\">\n\t\t\t\t\t\t\t<div class=\"elementor-section-wrap\">\n\t\t\t\t\t\t\t<section class=\"elementor-section elementor-top-section elementor-element elementor-element-eefe1d4 elementor-section-boxed elementor-section-height-default elementor-section-height-default\" data-id=\"eefe1d4\" data-element_type=\"section\">\n\t\t\t\t\t\t<div class=\"elementor-container elementor-column-gap-default\">\n\t\t\t\t\t\t\t<div class=\"elementor-row\">\n\t\t\t\t\t<div class=\"elementor-column elementor-col-100 elementor-top-column elementor-element elementor-element-ac99689\" data-id=\"ac99689\" data-element_type=\"column\">\n\t\t\t<div class=\"elementor-column-wrap elementor-element-populated\">\n\t\t\t\t\t\t\t<div class=\"elementor-widget-wrap\">\n\t\t\t\t\t\t<div class=\"elementor-element elementor-element-be101bf elementor-widget elementor-widget-heading\" data-id=\"be101bf\" data-element_type=\"widget\" data-widget_type=\"heading.default\">\n\t\t\t\t<div class=\"elementor-widget-container\">\n\t\t\t<h2 class=\"elementor-heading-title elementor-size-default\">EQUIPO NUTRIRATXE<\/h2>\t\t<\/div>\n\t\t\t\t<\/div>\n\t\t\t\t\t\t<\/div>\n\t\t\t\t\t<\/div>\n\t\t<\/div>\n\t\t\t\t\t\t\t\t<\/div>\n\t\t\t\t\t<\/div>\n\t\t<\/section>\n\t\t\t\t<section class=\"elementor-section elementor-top-section elementor-element elementor-element-d54febc elementor-section-boxed elementor-section-height-default elementor-section-height-default\" data-id=\"d54febc\" data-element_type=\"section\">\n\t\t\t\t\t\t<div class=\"elementor-container elementor-column-gap-default\">\n\t\t\t\t\t\t\t<div class=\"elementor-row\">\n\t\t\t\t\t<div class=\"elementor-column elementor-col-100 elementor-top-column elementor-element elementor-element-a37e840\" data-id=\"a37e840\" data-element_type=\"column\" data-settings=\"{&quot;background_background&quot;:&quot;classic&quot;}\">\n\t\t\t<div class=\"elementor-column-wrap elementor-element-populated\">\n\t\t\t\t\t\t\t<div class=\"elementor-widget-wrap\">\n\t\t\t\t\t\t<div class=\"elementor-element elementor-element-8b5a03f elementor-widget elementor-widget-heading\" data-id=\"8b5a03f\" data-element_type=\"widget\" data-widget_type=\"heading.default\">\n\t\t\t\t<div class=\"elementor-widget-container\">\n\t\t\t<h5 class=\"elementor-heading-title elementor-size-default\">\u00bfQui\u00e9nes somos?<\/h5>\t\t<\/div>\n\t\t\t\t<\/div>\n\t\t\t\t\t\t<\/div>\n\t\t\t\t\t<\/div>\n\t\t<\/div>\n\t\t\t\t\t\t\t\t<\/div>\n\t\t\t\t\t<\/div>\n\t\t<\/section>\n\t\t\t\t<section class=\"elementor-section elementor-top-section elementor-element elementor-element-1699ac5 elementor-section-boxed elementor-section-height-default elementor-section-height-default\" data-id=\"1699ac5\" data-element_type=\"section\">\n\t\t\t\t\t\t<div class=\"elementor-container elementor-column-gap-default\">\n\t\t\t\t\t\t\t<div class=\"elementor-row\">\n\t\t\t\t\t<div class=\"elementor-column elementor-col-100 elementor-top-column elementor-element elementor-element-d4f47e8\" data-id=\"d4f47e8\" data-element_type=\"column\" data-settings=\"{&quot;background_background&quot;:&quot;classic&quot;}\">\n\t\t\t<div class=\"elementor-column-wrap elementor-element-populated\">\n\t\t\t\t\t\t\t<div class=\"elementor-widget-wrap\">\n\t\t\t\t\t\t<div class=\"elementor-element elementor-element-8bf1436 elementor-widget elementor-widget-heading\" data-id=\"8bf1436\" data-element_type=\"widget\" data-widget_type=\"heading.default\">\n\t\t\t\t<div class=\"elementor-widget-container\">\n\t\t\t<h5 class=\"elementor-heading-title elementor-size-large\">IRATXE ETXALEKU BERRUETE <\/h5>\t\t<\/div>\n\t\t\t\t<\/div>\n\t\t\t\t<section class=\"elementor-section elementor-inner-section elementor-element elementor-element-7a82382 elementor-section-boxed elementor-section-height-default elementor-section-height-default\" data-id=\"7a82382\" data-element_type=\"section\">\n\t\t\t\t\t\t<div class=\"elementor-container elementor-column-gap-default\">\n\t\t\t\t\t\t\t<div class=\"elementor-row\">\n\t\t\t\t\t<div class=\"elementor-column elementor-col-50 elementor-inner-column elementor-element elementor-element-49b5d8d\" data-id=\"49b5d8d\" data-element_type=\"column\">\n\t\t\t<div class=\"elementor-column-wrap elementor-element-populated\">\n\t\t\t\t\t\t\t<div class=\"elementor-widget-wrap\">\n\t\t\t\t\t\t<div class=\"elementor-element elementor-element-a271333 elementor-widget elementor-widget-image\" data-id=\"a271333\" data-element_type=\"widget\" data-widget_type=\"image.default\">\n\t\t\t\t<div class=\"elementor-widget-container\">\n\t\t\t\t\t<div class=\"elementor-image\">\n\t\t\t\t\t\t\t\t\t\t<img width=\"768\" height=\"512\" src=\"https:\/\/nutriratxe.com\/wp-content\/uploads\/2025\/08\/web-iratxe-768x512.jpeg\" class=\"attachment-medium_large size-medium_large\" alt=\"\" loading=\"lazy\" srcset=\"https:\/\/nutriratxe.com\/wp-content\/uploads\/2025\/08\/web-iratxe-768x512.jpeg 768w, https:\/\/nutriratxe.com\/wp-content\/uploads\/2025\/08\/web-iratxe-300x200.jpeg 300w, https:\/\/nutriratxe.com\/wp-content\/uploads\/2025\/08\/web-iratxe-1024x683.jpeg 1024w, https:\/\/nutriratxe.com\/wp-content\/uploads\/2025\/08\/web-iratxe-1536x1024.jpeg 1536w, https:\/\/nutriratxe.com\/wp-content\/uploads\/2025\/08\/web-iratxe-2048x1365.jpeg 2048w\" sizes=\"(max-width: 768px) 100vw, 768px\" \/>\t\t\t\t\t\t\t\t\t\t\t<\/div>\n\t\t\t\t<\/div>\n\t\t\t\t<\/div>\n\t\t\t\t\t\t<\/div>\n\t\t\t\t\t<\/div>\n\t\t<\/div>\n\t\t\t\t<div class=\"elementor-column elementor-col-50 elementor-inner-column elementor-element elementor-element-c70cdfe\" data-id=\"c70cdfe\" data-element_type=\"column\">\n\t\t\t<div class=\"elementor-column-wrap elementor-element-populated\">\n\t\t\t\t\t\t\t<div class=\"elementor-widget-wrap\">\n\t\t\t\t\t\t<div class=\"elementor-element elementor-element-4babf38 elementor-widget elementor-widget-text-editor\" data-id=\"4babf38\" data-element_type=\"widget\" data-widget_type=\"text-editor.default\">\n\t\t\t\t<div class=\"elementor-widget-container\">\n\t\t\t\t\t<div class=\"elementor-text-editor elementor-clearfix\"><p><strong><span style=\"font-size: 13.0pt; font-family: 'Source Sans Pro',sans-serif; color: #333333;\">Graduada en Nutrici\u00f3n Humana y Diet\u00e9tica<\/span><\/strong><span style=\"font-size: 13.0pt; font-family: 'Source Sans Pro',sans-serif; color: #333333;\"> y <strong><span style=\"font-family: 'Source Sans Pro',sans-serif;\">Diplomada en Nutrici\u00f3n Deportiva<\/span><\/strong> por la Universidad de Navarra. <strong><span style=\"font-family: 'Source Sans Pro',sans-serif;\">Colegiada NA00398.<\/span><\/strong><\/span><\/p><\/div>\n\t\t\t\t<\/div>\n\t\t\t\t<\/div>\n\t\t\t\t<div class=\"elementor-element elementor-element-2b01a14 elementor-widget elementor-widget-text-editor\" data-id=\"2b01a14\" data-element_type=\"widget\" data-widget_type=\"text-editor.default\">\n\t\t\t\t<div class=\"elementor-widget-container\">\n\t\t\t\t\t<div class=\"elementor-text-editor elementor-clearfix\"><p><span style=\"font-size: 13.0pt; font-family: 'Source Sans Pro',sans-serif; color: #333333;\">Actualmente soy la <strong><span style=\"font-family: 'Source Sans Pro',sans-serif;\">nutricionista del club de atletismo de Hiru-Herri<\/span><\/strong> (triatl\u00f3n, monta\u00f1a, fondo, medio-fondo, velocidad, vallas, saltos, lanzamientos), del <strong><span style=\"font-family: 'Source Sans Pro',sans-serif;\">equipo de atletismo de Ardoi<\/span><\/strong> y del <strong><span style=\"font-family: 'Source Sans Pro',sans-serif;\">equipo de f\u00fatbol sala de Ardoi<\/span><\/strong>.<\/span><\/p><\/div>\n\t\t\t\t<\/div>\n\t\t\t\t<\/div>\n\t\t\t\t<div class=\"elementor-element elementor-element-b7e0ebc elementor-widget elementor-widget-text-editor\" data-id=\"b7e0ebc\" data-element_type=\"widget\" data-widget_type=\"text-editor.default\">\n\t\t\t\t<div class=\"elementor-widget-container\">\n\t\t\t\t\t<div class=\"elementor-text-editor elementor-clearfix\"><p><span style=\"font-size: 13.0pt; font-family: 'Source Sans Pro',sans-serif; color: #333333;\">A principios de a\u00f1o 2020, tuve <\/span><span style=\"font-size: 13.0pt; font-family: 'Source Sans Pro',sans-serif; color: #333333;\">la oportunidad de tener contacto con deportistas independientes de alto rendimiento (nadadores, trail-runners, alpinistas, maratonianos\u2026) y con el <strong>Comit\u00e9 Paral\u00edmpico Espa\u00f1ol<\/strong> en vista a los Juegos Paral\u00edmpicos 2021.<\/span><\/p><\/div>\n\t\t\t\t<\/div>\n\t\t\t\t<\/div>\n\t\t\t\t\t\t<\/div>\n\t\t\t\t\t<\/div>\n\t\t<\/div>\n\t\t\t\t\t\t\t\t<\/div>\n\t\t\t\t\t<\/div>\n\t\t<\/section>\n\t\t\t\t<div class=\"elementor-element elementor-element-53ff107 elementor-widget elementor-widget-heading\" data-id=\"53ff107\" data-element_type=\"widget\" data-widget_type=\"heading.default\">\n\t\t\t\t<div class=\"elementor-widget-container\">\n\t\t\t<h6 class=\"elementor-heading-title elementor-size-default\">TITULOS Y FORMACIONES<\/h6>\t\t<\/div>\n\t\t\t\t<\/div>\n\t\t\t\t<div class=\"elementor-element elementor-element-ea73c25 elementor-widget elementor-widget-text-editor\" data-id=\"ea73c25\" data-element_type=\"widget\" data-widget_type=\"text-editor.default\">\n\t\t\t\t<div class=\"elementor-widget-container\">\n\t\t\t\t\t<div class=\"elementor-text-editor elementor-clearfix\"><ul><li>Titulo mediciones antropom\u00e9tricas ISAK nivel 1<\/li><li>Curso de preparaci\u00f3n de marat\u00f3n en Centro Aleris Madrid<\/li><li>Curso de alimentaci\u00f3n y entrenamiento en el ciclo menstrual en Centro Aleris Madrid<\/li><li>Curso de nutrici\u00f3n deportiva por encima de los 4000m (Fisiolog\u00eda del ejercicio y entrenamiento Dr. Lopez Chicharro)<\/li><li>Curso de alimentaci\u00f3n infantil (Academia Espa\u00f1ola de Dietistas-Nutricionistas)<\/li><li>Curso de nutrici\u00f3n y trastornos digestivos (Academia Espa\u00f1ola de Dietistas-Nutricionistas)<\/li><li>Curso de alergias e intolerancias digestivas (Academia Espa\u00f1ola de Dietistas-Nutricionistas)<\/li><li>Diploma de asistencia a III Congreso AND noviembre 2020<\/li><li>Diploma de cr\u00e9ditos de formaci\u00f3n continuada por la Academia Espa\u00f1ola de Nutrici\u00f3n<\/li><li>Curso de nutrici\u00f3n y suplementaci\u00f3n para mejorar los efectos del entrenamiento sobre la hipertrofia y fuerza muscular (Exercise Physiology and Trainning Dr. Lopez Chicharro)<\/li><\/ul><\/div>\n\t\t\t\t<\/div>\n\t\t\t\t<\/div>\n\t\t\t\t\t\t<\/div>\n\t\t\t\t\t<\/div>\n\t\t<\/div>\n\t\t\t\t\t\t\t\t<\/div>\n\t\t\t\t\t<\/div>\n\t\t<\/section>\n\t\t\t\t<section class=\"elementor-section elementor-top-section elementor-element elementor-element-dce759f elementor-section-boxed elementor-section-height-default elementor-section-height-default\" data-id=\"dce759f\" data-element_type=\"section\">\n\t\t\t\t\t\t<div class=\"elementor-container elementor-column-gap-default\">\n\t\t\t\t\t\t\t<div class=\"elementor-row\">\n\t\t\t\t\t<div class=\"elementor-column elementor-col-100 elementor-top-column elementor-element elementor-element-b2c842b\" data-id=\"b2c842b\" data-element_type=\"column\" data-settings=\"{&quot;background_background&quot;:&quot;classic&quot;}\">\n\t\t\t<div class=\"elementor-column-wrap elementor-element-populated\">\n\t\t\t\t\t\t\t<div class=\"elementor-widget-wrap\">\n\t\t\t\t\t\t<div class=\"elementor-element elementor-element-83427bd elementor-widget elementor-widget-heading\" data-id=\"83427bd\" data-element_type=\"widget\" data-widget_type=\"heading.default\">\n\t\t\t\t<div class=\"elementor-widget-container\">\n\t\t\t<h5 class=\"elementor-heading-title elementor-size-large\">NEREA BARRENA ZUDAIRE<\/h5>\t\t<\/div>\n\t\t\t\t<\/div>\n\t\t\t\t<section class=\"elementor-section elementor-inner-section elementor-element elementor-element-cfbec5f elementor-section-boxed elementor-section-height-default elementor-section-height-default\" data-id=\"cfbec5f\" data-element_type=\"section\">\n\t\t\t\t\t\t<div class=\"elementor-container elementor-column-gap-default\">\n\t\t\t\t\t\t\t<div class=\"elementor-row\">\n\t\t\t\t\t<div class=\"elementor-column elementor-col-50 elementor-inner-column elementor-element elementor-element-a8eee9c\" data-id=\"a8eee9c\" data-element_type=\"column\" data-settings=\"{&quot;background_background&quot;:&quot;classic&quot;}\">\n\t\t\t<div class=\"elementor-column-wrap elementor-element-populated\">\n\t\t\t\t\t\t\t<div class=\"elementor-widget-wrap\">\n\t\t\t\t\t\t<div class=\"elementor-element elementor-element-be61e07 elementor-widget elementor-widget-image\" data-id=\"be61e07\" data-element_type=\"widget\" data-widget_type=\"image.default\">\n\t\t\t\t<div class=\"elementor-widget-container\">\n\t\t\t\t\t<div class=\"elementor-image\">\n\t\t\t\t\t\t\t\t\t\t<img width=\"225\" height=\"300\" src=\"https:\/\/nutriratxe.com\/wp-content\/uploads\/2025\/08\/E40CF704-60BB-4B5E-861A-B4DBA816F3D3-225x300.jpeg\" class=\"attachment-medium size-medium\" alt=\"\" loading=\"lazy\" srcset=\"https:\/\/nutriratxe.com\/wp-content\/uploads\/2025\/08\/E40CF704-60BB-4B5E-861A-B4DBA816F3D3-225x300.jpeg 225w, https:\/\/nutriratxe.com\/wp-content\/uploads\/2025\/08\/E40CF704-60BB-4B5E-861A-B4DBA816F3D3-768x1024.jpeg 768w, https:\/\/nutriratxe.com\/wp-content\/uploads\/2025\/08\/E40CF704-60BB-4B5E-861A-B4DBA816F3D3-1152x1536.jpeg 1152w, https:\/\/nutriratxe.com\/wp-content\/uploads\/2025\/08\/E40CF704-60BB-4B5E-861A-B4DBA816F3D3-1536x2048.jpeg 1536w, https:\/\/nutriratxe.com\/wp-content\/uploads\/2025\/08\/E40CF704-60BB-4B5E-861A-B4DBA816F3D3-scaled.jpeg 1920w\" sizes=\"(max-width: 225px) 100vw, 225px\" \/>\t\t\t\t\t\t\t\t\t\t\t<\/div>\n\t\t\t\t<\/div>\n\t\t\t\t<\/div>\n\t\t\t\t\t\t<\/div>\n\t\t\t\t\t<\/div>\n\t\t<\/div>\n\t\t\t\t<div class=\"elementor-column elementor-col-50 elementor-inner-column elementor-element elementor-element-07f57ac\" data-id=\"07f57ac\" data-element_type=\"column\">\n\t\t\t<div class=\"elementor-column-wrap elementor-element-populated\">\n\t\t\t\t\t\t\t<div class=\"elementor-widget-wrap\">\n\t\t\t\t\t\t<div class=\"elementor-element elementor-element-456adfb elementor-widget elementor-widget-text-editor\" data-id=\"456adfb\" data-element_type=\"widget\" data-widget_type=\"text-editor.default\">\n\t\t\t\t<div class=\"elementor-widget-container\">\n\t\t\t\t\t<div class=\"elementor-text-editor elementor-clearfix\"><p><span style=\"font-size: 16px; font-style: normal; font-weight: bold;\"><span style=\"font-size: 13pt; font-family: 'Source Sans Pro', sans-serif; color: #333333;\">Graduada en Psicolog\u00eda y M\u00e1ster en Psicolog\u00eda general sanitaria<\/span><\/span><span style=\"font-size: 13pt; font-style: normal; font-weight: 400; font-family: 'Source Sans Pro', sans-serif; color: #333333;\">\u00a0por la Universidad de Navarra.\u00a0<span style=\"font-size: 17.3333px; font-weight: bold;\"><span style=\"font-size: 17.3333px;\">Colegiada N-02078.<\/span><\/span><\/span><\/p><\/div>\n\t\t\t\t<\/div>\n\t\t\t\t<\/div>\n\t\t\t\t<div class=\"elementor-element elementor-element-12ae7e4 elementor-widget elementor-widget-text-editor\" data-id=\"12ae7e4\" data-element_type=\"widget\" data-widget_type=\"text-editor.default\">\n\t\t\t\t<div class=\"elementor-widget-container\">\n\t\t\t\t\t<div class=\"elementor-text-editor elementor-clearfix\"><p>M\u00e1ster en <strong>coaching y psicolog\u00eda deportiva<\/strong> por la Universidad Internacional de La Rioja. Experta en <strong>psicolog\u00eda del deporte de alto rendimiento<\/strong> por la Universidad Alfonso X El Sabio.<\/p><\/div>\n\t\t\t\t<\/div>\n\t\t\t\t<\/div>\n\t\t\t\t<div class=\"elementor-element elementor-element-30e7ca5 elementor-widget elementor-widget-text-editor\" data-id=\"30e7ca5\" data-element_type=\"widget\" data-widget_type=\"text-editor.default\">\n\t\t\t\t<div class=\"elementor-widget-container\">\n\t\t\t\t\t<div class=\"elementor-text-editor elementor-clearfix\"><p>Actualmente psic\u00f3loga deportiva en el <strong>Campus NF Academy. <\/strong>Adem\u00e1s ha trabajado como psic\u00f3loga deportiva con el <strong>Club Atl\u00e9tico Osasuna<\/strong> y con el <strong>Atl\u00e9tico de Madrid<\/strong> como coach deportivo.<\/p><\/div>\n\t\t\t\t<\/div>\n\t\t\t\t<\/div>\n\t\t\t\t<div class=\"elementor-element elementor-element-88a6227 elementor-widget elementor-widget-text-editor\" data-id=\"88a6227\" data-element_type=\"widget\" data-widget_type=\"text-editor.default\">\n\t\t\t\t<div class=\"elementor-widget-container\">\n\t\t\t\t\t<div class=\"elementor-text-editor elementor-clearfix\"><\/div>\n\t\t\t\t<\/div>\n\t\t\t\t<\/div>\n\t\t\t\t\t\t<\/div>\n\t\t\t\t\t<\/div>\n\t\t<\/div>\n\t\t\t\t\t\t\t\t<\/div>\n\t\t\t\t\t<\/div>\n\t\t<\/section>\n\t\t\t\t<div class=\"elementor-element elementor-element-e405052 elementor-widget elementor-widget-heading\" data-id=\"e405052\" data-element_type=\"widget\" data-widget_type=\"heading.default\">\n\t\t\t\t<div class=\"elementor-widget-container\">\n\t\t\t<h6 class=\"elementor-heading-title elementor-size-default\">T\u00cdTULOS Y FORMACIONES<\/h6>\t\t<\/div>\n\t\t\t\t<\/div>\n\t\t\t\t<div class=\"elementor-element elementor-element-95f8f7f elementor-widget elementor-widget-text-editor\" data-id=\"95f8f7f\" data-element_type=\"widget\" data-widget_type=\"text-editor.default\">\n\t\t\t\t<div class=\"elementor-widget-container\">\n\t\t\t\t\t<div class=\"elementor-text-editor elementor-clearfix\"><ul><li>Experto en inteligencia emocional. AEPSIS<\/li><li><span>Curso internacional de Enfoques Terape\u0301uticos. Universidad de Navarra (enero-abril 2021) <\/span><\/li><li><span>Curso en tratamiento de la autoestima. (AEPSIS). Diciembre 2023. <\/span><\/li><li><span>Curso en intervencio\u0301n de trastornos de la conducta alimentaria (EUNIP), enero 2024. <\/span><\/li><li>Curso en psicologi\u0301a del deporte, lesiones deportivas y \u201cgalaxia\u201d de factores influyentes (FOCAD), enero 2024<\/li><li><span><\/span><span style=\"font-size: 16px;\">Curso en primeros auxilios psicolo\u0301gicos (Universidad Auto\u0301noma de Barcelona), febrero 2024.\u00a0<\/span><\/li><li><span>Curso \u201cco\u0301mo ser competente en la psicologi\u0301a del deporte\u201d (FOCAD), septiembre 2024 <\/span><span><\/span><\/li><li><span>Curso \u201cEl di\u0301a despue\u0301s de la alta competicio\u0301n: La retirada deportiva\u201d, (FOCAD), julio 2024<\/span><span><\/span><\/li><li><span>Curso en Terapia de Aceptacio\u0301n y Compromiso (AEPSIS), octubre 2024 <\/span><\/li><li><span>Curso en tratamiento de los trastornos de Ansiedad, (AEPSIS), noviembre 2024 <\/span><span><\/span><\/li><li><span>Curso en Autolesiones e internet (FOCAD), diciembre 2024 <\/span><p>\u00a0<\/p><div class=\"page\" title=\"Page 3\"><div class=\"layoutArea\"><div class=\"column\"><ul><\/ul><\/div><\/div><\/div><\/li><\/ul><\/div>\n\t\t\t\t<\/div>\n\t\t\t\t<\/div>\n\t\t\t\t\t\t<\/div>\n\t\t\t\t\t<\/div>\n\t\t<\/div>\n\t\t\t\t\t\t\t\t<\/div>\n\t\t\t\t\t<\/div>\n\t\t<\/section>\n\t\t\t\t\t\t<\/div>\n\t\t\t\t\t\t<\/div>\n\t\t\t\t\t<\/div>\n\t\t","protected":false},"excerpt":{"rendered":"<p>EQUIPO NUTRIRATXE \u00bfQui\u00e9nes somos? IRATXE ETXALEKU BERRUETE Graduada en Nutrici\u00f3n Humana y Diet\u00e9tica y Diplomada en Nutrici\u00f3n Deportiva por la Universidad de Navarra. Colegiada NA00398. Actualmente soy la nutricionista del club de atletismo de Hiru-Herri (triatl\u00f3n, monta\u00f1a, fondo, medio-fondo, velocidad, vallas, saltos, lanzamientos), del equipo de atletismo de Ardoi y del equipo de f\u00fatbol sala &hellip;<\/p>\n<p class=\"read-more\"> <a class=\"\" href=\"https:\/\/nutriratxe.com\/index.php\/equipo\/\"> <span class=\"screen-reader-text\">Equipo<\/span> Leer m\u00e1s &raquo;<\/a><\/p>\n","protected":false},"author":1,"featured_media":0,"parent":0,"menu_order":0,"comment_status":"closed","ping_status":"closed","template":"","meta":{"_monsterinsights_skip_tracking":false,"_monsterinsights_sitenote_active":false,"_monsterinsights_sitenote_note":"","_monsterinsights_sitenote_category":0},"uagb_featured_image_src":{"full":false,"thumbnail":false,"medium":false,"medium_large":false,"large":false,"1536x1536":false,"2048x2048":false,"bm-post-thumb":false,"bm-post-medium":false},"uagb_author_info":{"display_name":"Centro de nutrici\u00f3n Nutriratxe","author_link":"https:\/\/nutriratxe.com\/index.php\/author\/nutriratxegmail-com\/"},"uagb_comment_info":0,"uagb_excerpt":"EQUIPO NUTRIRATXE \u00bfQui\u00e9nes somos? IRATXE ETXALEKU BERRUETE Graduada en Nutrici\u00f3n Humana y Diet\u00e9tica y Diplomada en Nutrici\u00f3n Deportiva por la Universidad de Navarra. Colegiada NA00398. Actualmente soy la nutricionista del club de atletismo de Hiru-Herri (triatl\u00f3n, monta\u00f1a, fondo, medio-fondo, velocidad, vallas, saltos, lanzamientos), del equipo de atletismo de Ardoi y del equipo de f\u00fatbol sala&hellip;","_links":{"self":[{"href":"https:\/\/nutriratxe.com\/index.php\/wp-json\/wp\/v2\/pages\/3478"}],"collection":[{"href":"https:\/\/nutriratxe.com\/index.php\/wp-json\/wp\/v2\/pages"}],"about":[{"href":"https:\/\/nutriratxe.com\/index.php\/wp-json\/wp\/v2\/types\/page"}],"author":[{"embeddable":true,"href":"https:\/\/nutriratxe.com\/index.php\/wp-json\/wp\/v2\/users\/1"}],"replies":[{"embeddable":true,"href":"https:\/\/nutriratxe.com\/index.php\/wp-json\/wp\/v2\/comments?post=3478"}],"version-history":[{"count":88,"href":"https:\/\/nutriratxe.com\/index.php\/wp-json\/wp\/v2\/pages\/3478\/revisions"}],"predecessor-version":[{"id":3654,"href":"https:\/\/nutriratxe.com\/index.php\/wp-json\/wp\/v2\/pages\/3478\/revisions\/3654"}],"wp:attachment":[{"href":"https:\/\/nutriratxe.com\/index.php\/wp-json\/wp\/v2\/media?parent=3478"}],"curies":[{"name":"wp","href":"https:\/\/api.w.org\/{rel}","templated":true}]}}