{"id":3447,"date":"2025-08-05T12:32:58","date_gmt":"2025-08-05T12:32:58","guid":{"rendered":"https:\/\/nutriratxe.com\/?page_id=3447"},"modified":"2025-08-05T14:41:39","modified_gmt":"2025-08-05T14:41:39","slug":"psicologia-deportiva","status":"publish","type":"page","link":"https:\/\/nutriratxe.com\/index.php\/psicologia-deportiva\/","title":{"rendered":"Psicolog\u00eda deportiva"},"content":{"rendered":"\t\t<div data-elementor-type=\"wp-page\" data-elementor-id=\"3447\" class=\"elementor elementor-3447\" data-elementor-settings=\"[]\">\n\t\t\t\t\t\t<div class=\"elementor-inner\">\n\t\t\t\t\t\t\t<div class=\"elementor-section-wrap\">\n\t\t\t\t\t\t\t<section class=\"elementor-section elementor-top-section elementor-element elementor-element-75bb94a elementor-section-boxed elementor-section-height-default elementor-section-height-default\" data-id=\"75bb94a\" data-element_type=\"section\">\n\t\t\t\t\t\t<div class=\"elementor-container elementor-column-gap-default\">\n\t\t\t\t\t\t\t<div class=\"elementor-row\">\n\t\t\t\t\t<div class=\"elementor-column elementor-col-100 elementor-top-column elementor-element elementor-element-21fa83f\" data-id=\"21fa83f\" data-element_type=\"column\">\n\t\t\t<div class=\"elementor-column-wrap elementor-element-populated\">\n\t\t\t\t\t\t\t<div class=\"elementor-widget-wrap\">\n\t\t\t\t\t\t<div class=\"elementor-element elementor-element-bdc8a7d elementor-widget elementor-widget-heading\" data-id=\"bdc8a7d\" data-element_type=\"widget\" data-widget_type=\"heading.default\">\n\t\t\t\t<div class=\"elementor-widget-container\">\n\t\t\t<h2 class=\"elementor-heading-title elementor-size-default\">PSICOLOG\u00cdA DEPORTIVA<\/h2>\t\t<\/div>\n\t\t\t\t<\/div>\n\t\t\t\t\t\t<\/div>\n\t\t\t\t\t<\/div>\n\t\t<\/div>\n\t\t\t\t\t\t\t\t<\/div>\n\t\t\t\t\t<\/div>\n\t\t<\/section>\n\t\t\t\t<section class=\"elementor-section elementor-top-section elementor-element elementor-element-4018451 elementor-section-boxed elementor-section-height-default elementor-section-height-default\" data-id=\"4018451\" data-element_type=\"section\">\n\t\t\t\t\t\t<div class=\"elementor-container elementor-column-gap-default\">\n\t\t\t\t\t\t\t<div class=\"elementor-row\">\n\t\t\t\t\t<div class=\"elementor-column elementor-col-100 elementor-top-column elementor-element elementor-element-b897422\" data-id=\"b897422\" data-element_type=\"column\" data-settings=\"{&quot;background_background&quot;:&quot;classic&quot;}\">\n\t\t\t<div class=\"elementor-column-wrap elementor-element-populated\">\n\t\t\t\t\t\t\t<div class=\"elementor-widget-wrap\">\n\t\t\t\t\t\t<div class=\"elementor-element elementor-element-832d77f elementor-widget elementor-widget-heading\" data-id=\"832d77f\" data-element_type=\"widget\" data-widget_type=\"heading.default\">\n\t\t\t\t<div class=\"elementor-widget-container\">\n\t\t\t<h5 class=\"elementor-heading-title elementor-size-default\">\u00bfEn qu\u00e9 consiste?<\/h5>\t\t<\/div>\n\t\t\t\t<\/div>\n\t\t\t\t\t\t<\/div>\n\t\t\t\t\t<\/div>\n\t\t<\/div>\n\t\t\t\t\t\t\t\t<\/div>\n\t\t\t\t\t<\/div>\n\t\t<\/section>\n\t\t\t\t<section class=\"elementor-section elementor-top-section elementor-element elementor-element-9c3dae3 elementor-section-boxed elementor-section-height-default elementor-section-height-default\" data-id=\"9c3dae3\" data-element_type=\"section\">\n\t\t\t\t\t\t<div class=\"elementor-container elementor-column-gap-default\">\n\t\t\t\t\t\t\t<div class=\"elementor-row\">\n\t\t\t\t\t<div class=\"elementor-column elementor-col-100 elementor-top-column elementor-element elementor-element-301d7d2\" data-id=\"301d7d2\" data-element_type=\"column\">\n\t\t\t<div class=\"elementor-column-wrap elementor-element-populated\">\n\t\t\t\t\t\t\t<div class=\"elementor-widget-wrap\">\n\t\t\t\t\t\t<div class=\"elementor-element elementor-element-eb3d448 elementor-widget elementor-widget-text-editor\" data-id=\"eb3d448\" data-element_type=\"widget\" data-widget_type=\"text-editor.default\">\n\t\t\t\t<div class=\"elementor-widget-container\">\n\t\t\t\t\t<div class=\"elementor-text-editor elementor-clearfix\"><div>Acompa\u00f1amos a <strong>deportistas, entrenadores y equipos<\/strong> en el desarrollo de habilidades mentales que potencian el rendimiento y el bienestar, tanto dentro como fuera del deporte.<\/div><div><\/div><\/div>\n\t\t\t\t<\/div>\n\t\t\t\t<\/div>\n\t\t\t\t<div class=\"elementor-element elementor-element-345ac76 elementor-widget elementor-widget-text-editor\" data-id=\"345ac76\" data-element_type=\"widget\" data-widget_type=\"text-editor.default\">\n\t\t\t\t<div class=\"elementor-widget-container\">\n\t\t\t\t\t<div class=\"elementor-text-editor elementor-clearfix\"><div><\/div><div>Trabajamos desde un enfoque pr\u00e1ctico y personalizado. Ayudamos a gestionar la presi\u00f3n competitiva, fortalecer la confianza, mejorar la concentraci\u00f3n, desarrollar rutinas efectivas y afrontar con equilibrio emocional los retos que conlleva la pr\u00e1ctica deportiva.<\/div><\/div>\n\t\t\t\t<\/div>\n\t\t\t\t<\/div>\n\t\t\t\t\t\t<\/div>\n\t\t\t\t\t<\/div>\n\t\t<\/div>\n\t\t\t\t\t\t\t\t<\/div>\n\t\t\t\t\t<\/div>\n\t\t<\/section>\n\t\t\t\t<section class=\"elementor-section elementor-top-section elementor-element elementor-element-21dc928 elementor-section-boxed elementor-section-height-default elementor-section-height-default\" data-id=\"21dc928\" data-element_type=\"section\">\n\t\t\t\t\t\t<div class=\"elementor-container elementor-column-gap-default\">\n\t\t\t\t\t\t\t<div class=\"elementor-row\">\n\t\t\t\t\t<div class=\"elementor-column elementor-col-100 elementor-top-column elementor-element elementor-element-ceb4a6f\" data-id=\"ceb4a6f\" data-element_type=\"column\">\n\t\t\t<div class=\"elementor-column-wrap elementor-element-populated\">\n\t\t\t\t\t\t\t<div class=\"elementor-widget-wrap\">\n\t\t\t\t\t\t<section class=\"elementor-section elementor-inner-section elementor-element elementor-element-fe2fde2 elementor-section-boxed elementor-section-height-default elementor-section-height-default\" data-id=\"fe2fde2\" data-element_type=\"section\">\n\t\t\t\t\t\t<div class=\"elementor-container elementor-column-gap-default\">\n\t\t\t\t\t\t\t<div class=\"elementor-row\">\n\t\t\t\t\t<div class=\"elementor-column elementor-col-50 elementor-inner-column elementor-element elementor-element-d8a5ffd\" data-id=\"d8a5ffd\" data-element_type=\"column\">\n\t\t\t<div class=\"elementor-column-wrap elementor-element-populated\">\n\t\t\t\t\t\t\t<div class=\"elementor-widget-wrap\">\n\t\t\t\t\t\t<div class=\"elementor-element elementor-element-544e82f elementor-widget elementor-widget-image\" data-id=\"544e82f\" data-element_type=\"widget\" data-widget_type=\"image.default\">\n\t\t\t\t<div class=\"elementor-widget-container\">\n\t\t\t\t\t<div class=\"elementor-image\">\n\t\t\t\t\t\t\t\t\t\t<img width=\"1000\" height=\"744\" src=\"https:\/\/nutriratxe.com\/wp-content\/uploads\/2025\/08\/psicologia-del-deporte-aplicaciones-y-objetivos-0.png\" class=\"attachment-large size-large\" alt=\"\" loading=\"lazy\" srcset=\"https:\/\/nutriratxe.com\/wp-content\/uploads\/2025\/08\/psicologia-del-deporte-aplicaciones-y-objetivos-0.png 1000w, https:\/\/nutriratxe.com\/wp-content\/uploads\/2025\/08\/psicologia-del-deporte-aplicaciones-y-objetivos-0-300x223.png 300w, https:\/\/nutriratxe.com\/wp-content\/uploads\/2025\/08\/psicologia-del-deporte-aplicaciones-y-objetivos-0-768x571.png 768w\" sizes=\"(max-width: 1000px) 100vw, 1000px\" \/>\t\t\t\t\t\t\t\t\t\t\t<\/div>\n\t\t\t\t<\/div>\n\t\t\t\t<\/div>\n\t\t\t\t\t\t<\/div>\n\t\t\t\t\t<\/div>\n\t\t<\/div>\n\t\t\t\t<div class=\"elementor-column elementor-col-50 elementor-inner-column elementor-element elementor-element-f5efefa\" data-id=\"f5efefa\" data-element_type=\"column\">\n\t\t\t<div class=\"elementor-column-wrap elementor-element-populated\">\n\t\t\t\t\t\t\t<div class=\"elementor-widget-wrap\">\n\t\t\t\t\t\t<div class=\"elementor-element elementor-element-04f7a46 elementor-widget elementor-widget-text-editor\" data-id=\"04f7a46\" data-element_type=\"widget\" data-widget_type=\"text-editor.default\">\n\t\t\t\t<div class=\"elementor-widget-container\">\n\t\t\t\t\t<div class=\"elementor-text-editor elementor-clearfix\"><div><\/div><div><\/div><div><\/div><div>Creemos firmemente en el poder de una mente <strong>entrenada, estable y enfocada<\/strong> para alcanzar el <strong>m\u00e1ximo potencial<\/strong>.<\/div><div><\/div><div><\/div><\/div>\n\t\t\t\t<\/div>\n\t\t\t\t<\/div>\n\t\t\t\t<div class=\"elementor-element elementor-element-548efe1 elementor-widget elementor-widget-text-editor\" data-id=\"548efe1\" data-element_type=\"widget\" data-widget_type=\"text-editor.default\">\n\t\t\t\t<div class=\"elementor-widget-container\">\n\t\t\t\t\t<div class=\"elementor-text-editor elementor-clearfix\"><div><\/div><div>Nuestro objetivo es que cada persona se sienta <strong>acompa\u00f1ada, comprendida y motivada para crecer<\/strong>, no solo como deportista, sino tambi\u00e9n como persona.<\/div><div><\/div><\/div>\n\t\t\t\t<\/div>\n\t\t\t\t<\/div>\n\t\t\t\t<div class=\"elementor-element elementor-element-245f988 elementor-widget elementor-widget-text-editor\" data-id=\"245f988\" data-element_type=\"widget\" data-widget_type=\"text-editor.default\">\n\t\t\t\t<div class=\"elementor-widget-container\">\n\t\t\t\t\t<div class=\"elementor-text-editor elementor-clearfix\"><h6><strong>Juntos\/as podemos trabajar para que saques lo mejor de ti.<\/strong><\/h6><\/div>\n\t\t\t\t<\/div>\n\t\t\t\t<\/div>\n\t\t\t\t<div class=\"elementor-element elementor-element-489a244 elementor-align-center elementor-widget elementor-widget-button\" data-id=\"489a244\" data-element_type=\"widget\" data-widget_type=\"button.default\">\n\t\t\t\t<div class=\"elementor-widget-container\">\n\t\t\t\t\t<div class=\"elementor-button-wrapper\">\n\t\t\t<a href=\"https:\/\/nutriratxe.com\/index.php\/tarifas\/\" class=\"elementor-button-link elementor-button elementor-size-sm\" role=\"button\">\n\t\t\t\t\t\t<span class=\"elementor-button-content-wrapper\">\n\t\t\t\t\t\t<span class=\"elementor-button-text\">TARIFAS<\/span>\n\t\t<\/span>\n\t\t\t\t\t<\/a>\n\t\t<\/div>\n\t\t\t\t<\/div>\n\t\t\t\t<\/div>\n\t\t\t\t\t\t<\/div>\n\t\t\t\t\t<\/div>\n\t\t<\/div>\n\t\t\t\t\t\t\t\t<\/div>\n\t\t\t\t\t<\/div>\n\t\t<\/section>\n\t\t\t\t\t\t<\/div>\n\t\t\t\t\t<\/div>\n\t\t<\/div>\n\t\t\t\t\t\t\t\t<\/div>\n\t\t\t\t\t<\/div>\n\t\t<\/section>\n\t\t\t\t\t\t<\/div>\n\t\t\t\t\t\t<\/div>\n\t\t\t\t\t<\/div>\n\t\t","protected":false},"excerpt":{"rendered":"<p>PSICOLOG\u00cdA DEPORTIVA \u00bfEn qu\u00e9 consiste? Acompa\u00f1amos a deportistas, entrenadores y equipos en el desarrollo de habilidades mentales que potencian el rendimiento y el bienestar, tanto dentro como fuera del deporte.Trabajamos desde un enfoque pr\u00e1ctico y personalizado. Ayudamos a gestionar la presi\u00f3n competitiva, fortalecer la confianza, mejorar la concentraci\u00f3n, desarrollar rutinas efectivas y afrontar con equilibrio &hellip;<\/p>\n<p class=\"read-more\"> <a class=\"\" href=\"https:\/\/nutriratxe.com\/index.php\/psicologia-deportiva\/\"> <span class=\"screen-reader-text\">Psicolog\u00eda deportiva<\/span> Leer m\u00e1s &raquo;<\/a><\/p>\n","protected":false},"author":1,"featured_media":0,"parent":0,"menu_order":0,"comment_status":"closed","ping_status":"closed","template":"","meta":{"_monsterinsights_skip_tracking":false,"_monsterinsights_sitenote_active":false,"_monsterinsights_sitenote_note":"","_monsterinsights_sitenote_category":0},"uagb_featured_image_src":{"full":false,"thumbnail":false,"medium":false,"medium_large":false,"large":false,"1536x1536":false,"2048x2048":false,"bm-post-thumb":false,"bm-post-medium":false},"uagb_author_info":{"display_name":"Centro de nutrici\u00f3n Nutriratxe","author_link":"https:\/\/nutriratxe.com\/index.php\/author\/nutriratxegmail-com\/"},"uagb_comment_info":0,"uagb_excerpt":"PSICOLOG\u00cdA DEPORTIVA \u00bfEn qu\u00e9 consiste? Acompa\u00f1amos a deportistas, entrenadores y equipos en el desarrollo de habilidades mentales que potencian el rendimiento y el bienestar, tanto dentro como fuera del deporte.Trabajamos desde un enfoque pr\u00e1ctico y personalizado. Ayudamos a gestionar la presi\u00f3n competitiva, fortalecer la confianza, mejorar la concentraci\u00f3n, desarrollar rutinas efectivas y afrontar con equilibrio&hellip;","_links":{"self":[{"href":"https:\/\/nutriratxe.com\/index.php\/wp-json\/wp\/v2\/pages\/3447"}],"collection":[{"href":"https:\/\/nutriratxe.com\/index.php\/wp-json\/wp\/v2\/pages"}],"about":[{"href":"https:\/\/nutriratxe.com\/index.php\/wp-json\/wp\/v2\/types\/page"}],"author":[{"embeddable":true,"href":"https:\/\/nutriratxe.com\/index.php\/wp-json\/wp\/v2\/users\/1"}],"replies":[{"embeddable":true,"href":"https:\/\/nutriratxe.com\/index.php\/wp-json\/wp\/v2\/comments?post=3447"}],"version-history":[{"count":32,"href":"https:\/\/nutriratxe.com\/index.php\/wp-json\/wp\/v2\/pages\/3447\/revisions"}],"predecessor-version":[{"id":3588,"href":"https:\/\/nutriratxe.com\/index.php\/wp-json\/wp\/v2\/pages\/3447\/revisions\/3588"}],"wp:attachment":[{"href":"https:\/\/nutriratxe.com\/index.php\/wp-json\/wp\/v2\/media?parent=3447"}],"curies":[{"name":"wp","href":"https:\/\/api.w.org\/{rel}","templated":true}]}}