{"id":3164,"date":"2023-01-17T12:27:36","date_gmt":"2023-01-17T12:27:36","guid":{"rendered":"https:\/\/nutriratxe.com\/?page_id=3164"},"modified":"2025-08-05T14:44:35","modified_gmt":"2025-08-05T14:44:35","slug":"entrenamientos-personales","status":"publish","type":"page","link":"https:\/\/nutriratxe.com\/index.php\/entrenamientos-personales\/","title":{"rendered":"Entrenamientos personales"},"content":{"rendered":"\t\t<div data-elementor-type=\"wp-page\" data-elementor-id=\"3164\" class=\"elementor elementor-3164\" data-elementor-settings=\"[]\">\n\t\t\t\t\t\t<div class=\"elementor-inner\">\n\t\t\t\t\t\t\t<div class=\"elementor-section-wrap\">\n\t\t\t\t\t\t\t<section class=\"elementor-section elementor-top-section elementor-element elementor-element-7d80956 elementor-section-boxed elementor-section-height-default elementor-section-height-default\" data-id=\"7d80956\" data-element_type=\"section\">\n\t\t\t\t\t\t<div class=\"elementor-container elementor-column-gap-default\">\n\t\t\t\t\t\t\t<div class=\"elementor-row\">\n\t\t\t\t\t<div class=\"elementor-column elementor-col-100 elementor-top-column elementor-element elementor-element-d61d7a2\" data-id=\"d61d7a2\" data-element_type=\"column\">\n\t\t\t<div class=\"elementor-column-wrap elementor-element-populated\">\n\t\t\t\t\t\t\t<div class=\"elementor-widget-wrap\">\n\t\t\t\t\t\t<div class=\"elementor-element elementor-element-e8a2da8 elementor-widget elementor-widget-heading\" data-id=\"e8a2da8\" data-element_type=\"widget\" data-widget_type=\"heading.default\">\n\t\t\t\t<div class=\"elementor-widget-container\">\n\t\t\t<h3 class=\"elementor-heading-title elementor-size-default\">ENTRENAMIENTOS PERSONALES<\/h3>\t\t<\/div>\n\t\t\t\t<\/div>\n\t\t\t\t<div class=\"elementor-element elementor-element-d768165 elementor-widget elementor-widget-text-editor\" data-id=\"d768165\" data-element_type=\"widget\" data-widget_type=\"text-editor.default\">\n\t\t\t\t<div class=\"elementor-widget-container\">\n\t\t\t\t\t<div class=\"elementor-text-editor elementor-clearfix\"><p><span>Cada entrenamiento lo dise\u00f1amos enfoc\u00e1ndonos en el <strong>acondicionamiento corporal<\/strong> y el <strong>fortalecimiento general<\/strong>, al mismo tiempo que es efectivo para todas las edades y niveles de condici\u00f3n f\u00edsica, ya que <strong>personalizamos tus entrenamientos<\/strong>.\u00a0<\/span><\/p><div class=\"wpb_text_column wpb_content_element \"><div class=\"wpb_wrapper\"><p>Trabajaremos el <strong>entrenamiento de fuerza y resistencia<\/strong> cuyos resultados ir\u00e1n unidos a nuestros <strong>planes de nutrici\u00f3n<\/strong>. Plantearemos entrenamientos en gimnasio, casa, aire libre&#8230; seg\u00fan tu disponibilidad de horarios, para que moverse sea m\u00e1s f\u00e1cil que antes!<\/p><\/div><\/div><div class=\"vc_empty_space\"><\/div><\/div>\n\t\t\t\t<\/div>\n\t\t\t\t<\/div>\n\t\t\t\t<section class=\"elementor-section elementor-inner-section elementor-element elementor-element-4bcf998 elementor-section-boxed elementor-section-height-default elementor-section-height-default\" data-id=\"4bcf998\" data-element_type=\"section\">\n\t\t\t\t\t\t<div class=\"elementor-container elementor-column-gap-default\">\n\t\t\t\t\t\t\t<div class=\"elementor-row\">\n\t\t\t\t\t<div class=\"elementor-column elementor-col-50 elementor-inner-column elementor-element elementor-element-95766fb\" data-id=\"95766fb\" data-element_type=\"column\">\n\t\t\t<div class=\"elementor-column-wrap elementor-element-populated\">\n\t\t\t\t\t\t\t<div class=\"elementor-widget-wrap\">\n\t\t\t\t\t\t<div class=\"elementor-element elementor-element-ac4d206 elementor-widget elementor-widget-image\" data-id=\"ac4d206\" data-element_type=\"widget\" data-widget_type=\"image.default\">\n\t\t\t\t<div class=\"elementor-widget-container\">\n\t\t\t\t\t<div class=\"elementor-image\">\n\t\t\t\t\t\t\t\t\t\t<img width=\"1024\" height=\"682\" src=\"https:\/\/nutriratxe.com\/wp-content\/uploads\/2023\/01\/dumbbells-shoes-sneakers-2465478-1024x682.jpg\" class=\"attachment-large size-large\" alt=\"dumbbells, shoes, sneakers\" loading=\"lazy\" srcset=\"https:\/\/nutriratxe.com\/wp-content\/uploads\/2023\/01\/dumbbells-shoes-sneakers-2465478-1024x682.jpg 1024w, https:\/\/nutriratxe.com\/wp-content\/uploads\/2023\/01\/dumbbells-shoes-sneakers-2465478-300x200.jpg 300w, https:\/\/nutriratxe.com\/wp-content\/uploads\/2023\/01\/dumbbells-shoes-sneakers-2465478-768x512.jpg 768w, https:\/\/nutriratxe.com\/wp-content\/uploads\/2023\/01\/dumbbells-shoes-sneakers-2465478.jpg 1280w\" sizes=\"(max-width: 1024px) 100vw, 1024px\" \/>\t\t\t\t\t\t\t\t\t\t\t<\/div>\n\t\t\t\t<\/div>\n\t\t\t\t<\/div>\n\t\t\t\t\t\t<\/div>\n\t\t\t\t\t<\/div>\n\t\t<\/div>\n\t\t\t\t<div class=\"elementor-column elementor-col-50 elementor-inner-column elementor-element elementor-element-13e2df9\" data-id=\"13e2df9\" data-element_type=\"column\">\n\t\t\t<div class=\"elementor-column-wrap elementor-element-populated\">\n\t\t\t\t\t\t\t<div class=\"elementor-widget-wrap\">\n\t\t\t\t\t\t<div class=\"elementor-element elementor-element-fbda1bb elementor-widget elementor-widget-heading\" data-id=\"fbda1bb\" data-element_type=\"widget\" data-widget_type=\"heading.default\">\n\t\t\t\t<div class=\"elementor-widget-container\">\n\t\t\t<h6 class=\"elementor-heading-title elementor-size-default\">\u00bfC\u00d3MO TRABAJAMOS?<\/h6>\t\t<\/div>\n\t\t\t\t<\/div>\n\t\t\t\t<div class=\"elementor-element elementor-element-896bfe1 elementor-widget elementor-widget-text-editor\" data-id=\"896bfe1\" data-element_type=\"widget\" data-widget_type=\"text-editor.default\">\n\t\t\t\t<div class=\"elementor-widget-container\">\n\t\t\t\t\t<div class=\"elementor-text-editor elementor-clearfix\"><ul><li>Realizaremos el<span>\u00a0<\/span><strong>cuestionario de evaluaci\u00f3n inicial<\/strong><span>\u00a0<\/span>en nuestro centro.<\/li><li>Prepararemos tu plan de entrenamiento personalizado, para que puedas realizarlo donde t\u00fa quieras.<\/li><li>Contacto ilimitado con nuestro entrenador a trav\u00e9s:<span>\u00a0<\/span><span><strong>nutriratxe.entrenador@gmail.com<\/strong><\/span><\/li><li>Seguimiento cada 3-4 semanas.<\/li><li>Servicio con acompa\u00f1amiento total y unido a nuestros planes de nutrici\u00f3n.<\/li><\/ul><\/div>\n\t\t\t\t<\/div>\n\t\t\t\t<\/div>\n\t\t\t\t<div class=\"elementor-element elementor-element-821a8ed elementor-align-center elementor-widget elementor-widget-button\" data-id=\"821a8ed\" data-element_type=\"widget\" data-widget_type=\"button.default\">\n\t\t\t\t<div class=\"elementor-widget-container\">\n\t\t\t\t\t<div class=\"elementor-button-wrapper\">\n\t\t\t<a href=\"https:\/\/nutriratxe.com\/index.php\/tarifas\/\" class=\"elementor-button-link elementor-button elementor-size-sm\" role=\"button\">\n\t\t\t\t\t\t<span class=\"elementor-button-content-wrapper\">\n\t\t\t\t\t\t<span class=\"elementor-button-text\">TARIFAS<\/span>\n\t\t<\/span>\n\t\t\t\t\t<\/a>\n\t\t<\/div>\n\t\t\t\t<\/div>\n\t\t\t\t<\/div>\n\t\t\t\t\t\t<\/div>\n\t\t\t\t\t<\/div>\n\t\t<\/div>\n\t\t\t\t\t\t\t\t<\/div>\n\t\t\t\t\t<\/div>\n\t\t<\/section>\n\t\t\t\t\t\t<\/div>\n\t\t\t\t\t<\/div>\n\t\t<\/div>\n\t\t\t\t\t\t\t\t<\/div>\n\t\t\t\t\t<\/div>\n\t\t<\/section>\n\t\t\t\t\t\t<\/div>\n\t\t\t\t\t\t<\/div>\n\t\t\t\t\t<\/div>\n\t\t","protected":false},"excerpt":{"rendered":"<p>ENTRENAMIENTOS PERSONALES Cada entrenamiento lo dise\u00f1amos enfoc\u00e1ndonos en el acondicionamiento corporal y el fortalecimiento general, al mismo tiempo que es efectivo para todas las edades y niveles de condici\u00f3n f\u00edsica, ya que personalizamos tus entrenamientos.\u00a0 Trabajaremos el entrenamiento de fuerza y resistencia cuyos resultados ir\u00e1n unidos a nuestros planes de nutrici\u00f3n. Plantearemos entrenamientos en gimnasio, &hellip;<\/p>\n<p class=\"read-more\"> <a class=\"\" href=\"https:\/\/nutriratxe.com\/index.php\/entrenamientos-personales\/\"> <span class=\"screen-reader-text\">Entrenamientos personales<\/span> Leer m\u00e1s &raquo;<\/a><\/p>\n","protected":false},"author":1,"featured_media":0,"parent":0,"menu_order":0,"comment_status":"closed","ping_status":"closed","template":"","meta":{"_monsterinsights_skip_tracking":false,"_monsterinsights_sitenote_active":false,"_monsterinsights_sitenote_note":"","_monsterinsights_sitenote_category":0},"uagb_featured_image_src":{"full":false,"thumbnail":false,"medium":false,"medium_large":false,"large":false,"1536x1536":false,"2048x2048":false,"bm-post-thumb":false,"bm-post-medium":false},"uagb_author_info":{"display_name":"Centro de nutrici\u00f3n Nutriratxe","author_link":"https:\/\/nutriratxe.com\/index.php\/author\/nutriratxegmail-com\/"},"uagb_comment_info":0,"uagb_excerpt":"ENTRENAMIENTOS PERSONALES Cada entrenamiento lo dise\u00f1amos enfoc\u00e1ndonos en el acondicionamiento corporal y el fortalecimiento general, al mismo tiempo que es efectivo para todas las edades y niveles de condici\u00f3n f\u00edsica, ya que personalizamos tus entrenamientos.\u00a0 Trabajaremos el entrenamiento de fuerza y resistencia cuyos resultados ir\u00e1n unidos a nuestros planes de nutrici\u00f3n. Plantearemos entrenamientos en gimnasio,&hellip;","_links":{"self":[{"href":"https:\/\/nutriratxe.com\/index.php\/wp-json\/wp\/v2\/pages\/3164"}],"collection":[{"href":"https:\/\/nutriratxe.com\/index.php\/wp-json\/wp\/v2\/pages"}],"about":[{"href":"https:\/\/nutriratxe.com\/index.php\/wp-json\/wp\/v2\/types\/page"}],"author":[{"embeddable":true,"href":"https:\/\/nutriratxe.com\/index.php\/wp-json\/wp\/v2\/users\/1"}],"replies":[{"embeddable":true,"href":"https:\/\/nutriratxe.com\/index.php\/wp-json\/wp\/v2\/comments?post=3164"}],"version-history":[{"count":58,"href":"https:\/\/nutriratxe.com\/index.php\/wp-json\/wp\/v2\/pages\/3164\/revisions"}],"predecessor-version":[{"id":3591,"href":"https:\/\/nutriratxe.com\/index.php\/wp-json\/wp\/v2\/pages\/3164\/revisions\/3591"}],"wp:attachment":[{"href":"https:\/\/nutriratxe.com\/index.php\/wp-json\/wp\/v2\/media?parent=3164"}],"curies":[{"name":"wp","href":"https:\/\/api.w.org\/{rel}","templated":true}]}}