{"id":2850,"date":"2022-01-23T19:00:53","date_gmt":"2022-01-23T19:00:53","guid":{"rendered":"https:\/\/nutriratxe.com\/?page_id=2850"},"modified":"2025-08-05T15:02:30","modified_gmt":"2025-08-05T15:02:30","slug":"menus","status":"publish","type":"page","link":"https:\/\/nutriratxe.com\/index.php\/menus\/","title":{"rendered":"Planificaci\u00f3n de men\u00fas"},"content":{"rendered":"\t\t<div data-elementor-type=\"wp-page\" data-elementor-id=\"2850\" class=\"elementor elementor-2850\" data-elementor-settings=\"[]\">\n\t\t\t\t\t\t<div class=\"elementor-inner\">\n\t\t\t\t\t\t\t<div class=\"elementor-section-wrap\">\n\t\t\t\t\t\t\t<section class=\"elementor-section elementor-top-section elementor-element elementor-element-c81b3e7 elementor-section-boxed elementor-section-height-default elementor-section-height-default\" data-id=\"c81b3e7\" data-element_type=\"section\">\n\t\t\t\t\t\t<div class=\"elementor-container elementor-column-gap-default\">\n\t\t\t\t\t\t\t<div class=\"elementor-row\">\n\t\t\t\t\t<div class=\"elementor-column elementor-col-100 elementor-top-column elementor-element elementor-element-31aed9e\" data-id=\"31aed9e\" data-element_type=\"column\">\n\t\t\t<div class=\"elementor-column-wrap elementor-element-populated\">\n\t\t\t\t\t\t\t<div class=\"elementor-widget-wrap\">\n\t\t\t\t\t\t<div class=\"elementor-element elementor-element-d8f2924 elementor-widget elementor-widget-heading\" data-id=\"d8f2924\" data-element_type=\"widget\" data-widget_type=\"heading.default\">\n\t\t\t\t<div class=\"elementor-widget-container\">\n\t\t\t<h3 class=\"elementor-heading-title elementor-size-default\">PLANIFICACI\u00d3N DE MEN\u00daS<\/h3>\t\t<\/div>\n\t\t\t\t<\/div>\n\t\t\t\t\t\t<\/div>\n\t\t\t\t\t<\/div>\n\t\t<\/div>\n\t\t\t\t\t\t\t\t<\/div>\n\t\t\t\t\t<\/div>\n\t\t<\/section>\n\t\t\t\t<section class=\"elementor-section elementor-top-section elementor-element elementor-element-7aba225 elementor-section-boxed elementor-section-height-default elementor-section-height-default\" data-id=\"7aba225\" data-element_type=\"section\">\n\t\t\t\t\t\t<div class=\"elementor-container elementor-column-gap-default\">\n\t\t\t\t\t\t\t<div class=\"elementor-row\">\n\t\t\t\t\t<div class=\"elementor-column elementor-col-100 elementor-top-column elementor-element elementor-element-d313ea3\" data-id=\"d313ea3\" data-element_type=\"column\" data-settings=\"{&quot;background_background&quot;:&quot;classic&quot;}\">\n\t\t\t<div class=\"elementor-column-wrap elementor-element-populated\">\n\t\t\t\t\t\t\t<div class=\"elementor-widget-wrap\">\n\t\t\t\t\t\t<div class=\"elementor-element elementor-element-cca46ec elementor-widget elementor-widget-heading\" data-id=\"cca46ec\" data-element_type=\"widget\" data-widget_type=\"heading.default\">\n\t\t\t\t<div class=\"elementor-widget-container\">\n\t\t\t<h4 class=\"elementor-heading-title elementor-size-default\">\u00bfEn qu\u00e9 consiste?<\/h4>\t\t<\/div>\n\t\t\t\t<\/div>\n\t\t\t\t\t\t<\/div>\n\t\t\t\t\t<\/div>\n\t\t<\/div>\n\t\t\t\t\t\t\t\t<\/div>\n\t\t\t\t\t<\/div>\n\t\t<\/section>\n\t\t\t\t<section class=\"elementor-section elementor-top-section elementor-element elementor-element-99b881a elementor-section-boxed elementor-section-height-default elementor-section-height-default\" data-id=\"99b881a\" data-element_type=\"section\">\n\t\t\t\t\t\t<div class=\"elementor-container elementor-column-gap-default\">\n\t\t\t\t\t\t\t<div class=\"elementor-row\">\n\t\t\t\t\t<div class=\"elementor-column elementor-col-100 elementor-top-column elementor-element elementor-element-b87cff3\" data-id=\"b87cff3\" data-element_type=\"column\">\n\t\t\t<div class=\"elementor-column-wrap elementor-element-populated\">\n\t\t\t\t\t\t\t<div class=\"elementor-widget-wrap\">\n\t\t\t\t\t\t<div class=\"elementor-element elementor-element-f6cb2da elementor-widget elementor-widget-text-editor\" data-id=\"f6cb2da\" data-element_type=\"widget\" data-widget_type=\"text-editor.default\">\n\t\t\t\t<div class=\"elementor-widget-container\">\n\t\t\t\t\t<div class=\"elementor-text-editor elementor-clearfix\"><p>\u00a0Buscaremos el equilibrio perfecto para ello, consumiendo hidratos de carbono de calidad, frutas, verduras y hortalizas, prote\u00ednas de calidad, grasas saludables&#8230;<\/p><\/div>\n\t\t\t\t<\/div>\n\t\t\t\t<\/div>\n\t\t\t\t\t\t<\/div>\n\t\t\t\t\t<\/div>\n\t\t<\/div>\n\t\t\t\t\t\t\t\t<\/div>\n\t\t\t\t\t<\/div>\n\t\t<\/section>\n\t\t\t\t<section class=\"elementor-section elementor-top-section elementor-element elementor-element-f2d7e58 elementor-section-boxed elementor-section-height-default elementor-section-height-default\" data-id=\"f2d7e58\" data-element_type=\"section\">\n\t\t\t\t\t\t<div class=\"elementor-container elementor-column-gap-default\">\n\t\t\t\t\t\t\t<div class=\"elementor-row\">\n\t\t\t\t\t<div class=\"elementor-column elementor-col-100 elementor-top-column elementor-element elementor-element-3dadfd5\" data-id=\"3dadfd5\" data-element_type=\"column\">\n\t\t\t<div class=\"elementor-column-wrap elementor-element-populated\">\n\t\t\t\t\t\t\t<div class=\"elementor-widget-wrap\">\n\t\t\t\t\t\t<div class=\"elementor-element elementor-element-b6a3d2f elementor-widget elementor-widget-text-editor\" data-id=\"b6a3d2f\" data-element_type=\"widget\" data-widget_type=\"text-editor.default\">\n\t\t\t\t<div class=\"elementor-widget-container\">\n\t\t\t\t\t<div class=\"elementor-text-editor elementor-clearfix\"><p>Planificamos tus estructuras semanales o mensuales, junto con los men\u00fas correspondientes. Adem\u00e1s te daremos <a href=\"https:\/\/nutriratxe.com\/index.php\/recetas-saludables\/\"><em>recetas saludables<\/em><\/a> para que puedas disfrutar cocinando.<\/p><p><strong>Cu\u00e9ntanos tu objetivo (\u00e1mbito escolar, restauraci\u00f3n colectiva, eventos, competiciones&#8230;) y nos ponemos a ello!!<\/strong><\/p><\/div>\n\t\t\t\t<\/div>\n\t\t\t\t<\/div>\n\t\t\t\t<div class=\"elementor-element elementor-element-8391d8c elementor-button-info elementor-align-center elementor-widget elementor-widget-button\" data-id=\"8391d8c\" data-element_type=\"widget\" data-widget_type=\"button.default\">\n\t\t\t\t<div class=\"elementor-widget-container\">\n\t\t\t\t\t<div class=\"elementor-button-wrapper\">\n\t\t\t<a href=\"https:\/\/nutriratxe.com\/index.php\/contact\/\" class=\"elementor-button-link elementor-button elementor-size-md\" role=\"button\" id=\"https:\/\/nutriratxe.com\/index.php\/contact\/\">\n\t\t\t\t\t\t<span class=\"elementor-button-content-wrapper\">\n\t\t\t\t\t\t<span class=\"elementor-button-text\">CONT\u00c1CTANOS<\/span>\n\t\t<\/span>\n\t\t\t\t\t<\/a>\n\t\t<\/div>\n\t\t\t\t<\/div>\n\t\t\t\t<\/div>\n\t\t\t\t\t\t<\/div>\n\t\t\t\t\t<\/div>\n\t\t<\/div>\n\t\t\t\t\t\t\t\t<\/div>\n\t\t\t\t\t<\/div>\n\t\t<\/section>\n\t\t\t\t<section class=\"elementor-section elementor-top-section elementor-element elementor-element-293ee68 elementor-section-boxed elementor-section-height-default elementor-section-height-default\" data-id=\"293ee68\" data-element_type=\"section\">\n\t\t\t\t\t\t<div class=\"elementor-container elementor-column-gap-default\">\n\t\t\t\t\t\t\t<div class=\"elementor-row\">\n\t\t\t\t\t<div class=\"elementor-column elementor-col-100 elementor-top-column elementor-element elementor-element-296dedb\" data-id=\"296dedb\" data-element_type=\"column\">\n\t\t\t<div class=\"elementor-column-wrap elementor-element-populated\">\n\t\t\t\t\t\t\t<div class=\"elementor-widget-wrap\">\n\t\t\t\t\t\t<section class=\"elementor-section elementor-inner-section elementor-element elementor-element-6ee312d elementor-section-boxed elementor-section-height-default elementor-section-height-default\" data-id=\"6ee312d\" data-element_type=\"section\">\n\t\t\t\t\t\t<div class=\"elementor-container elementor-column-gap-default\">\n\t\t\t\t\t\t\t<div class=\"elementor-row\">\n\t\t\t\t\t<div class=\"elementor-column elementor-col-50 elementor-inner-column elementor-element elementor-element-ee98375\" data-id=\"ee98375\" data-element_type=\"column\">\n\t\t\t<div class=\"elementor-column-wrap elementor-element-populated\">\n\t\t\t\t\t\t\t<div class=\"elementor-widget-wrap\">\n\t\t\t\t\t\t<div class=\"elementor-element elementor-element-dbae1c7 elementor-widget elementor-widget-image\" data-id=\"dbae1c7\" data-element_type=\"widget\" data-widget_type=\"image.default\">\n\t\t\t\t<div class=\"elementor-widget-container\">\n\t\t\t\t\t<div class=\"elementor-image\">\n\t\t\t\t\t\t\t\t\t\t<img width=\"1024\" height=\"1024\" src=\"https:\/\/nutriratxe.com\/wp-content\/uploads\/2022\/01\/organizar-menu-semanal-1024x1024.png\" class=\"attachment-large size-large\" alt=\"\" loading=\"lazy\" srcset=\"https:\/\/nutriratxe.com\/wp-content\/uploads\/2022\/01\/organizar-menu-semanal-1024x1024.png 1024w, https:\/\/nutriratxe.com\/wp-content\/uploads\/2022\/01\/organizar-menu-semanal-300x300.png 300w, https:\/\/nutriratxe.com\/wp-content\/uploads\/2022\/01\/organizar-menu-semanal-150x150.png 150w, https:\/\/nutriratxe.com\/wp-content\/uploads\/2022\/01\/organizar-menu-semanal-768x768.png 768w, https:\/\/nutriratxe.com\/wp-content\/uploads\/2022\/01\/organizar-menu-semanal-250x250.png 250w, https:\/\/nutriratxe.com\/wp-content\/uploads\/2022\/01\/organizar-menu-semanal.png 1080w\" sizes=\"(max-width: 1024px) 100vw, 1024px\" \/>\t\t\t\t\t\t\t\t\t\t\t<\/div>\n\t\t\t\t<\/div>\n\t\t\t\t<\/div>\n\t\t\t\t\t\t<\/div>\n\t\t\t\t\t<\/div>\n\t\t<\/div>\n\t\t\t\t<div class=\"elementor-column elementor-col-50 elementor-inner-column elementor-element elementor-element-0bdb731\" data-id=\"0bdb731\" data-element_type=\"column\">\n\t\t\t<div class=\"elementor-column-wrap elementor-element-populated\">\n\t\t\t\t\t\t\t<div class=\"elementor-widget-wrap\">\n\t\t\t\t\t\t<div class=\"elementor-element elementor-element-59c4da6 elementor-widget elementor-widget-image\" data-id=\"59c4da6\" data-element_type=\"widget\" data-widget_type=\"image.default\">\n\t\t\t\t<div class=\"elementor-widget-container\">\n\t\t\t\t\t<div class=\"elementor-image\">\n\t\t\t\t\t\t\t\t\t\t<img width=\"1024\" height=\"1024\" src=\"https:\/\/nutriratxe.com\/wp-content\/uploads\/2022\/01\/menu-1024x1024.png\" class=\"attachment-large size-large\" alt=\"\" loading=\"lazy\" srcset=\"https:\/\/nutriratxe.com\/wp-content\/uploads\/2022\/01\/menu-1024x1024.png 1024w, https:\/\/nutriratxe.com\/wp-content\/uploads\/2022\/01\/menu-300x300.png 300w, https:\/\/nutriratxe.com\/wp-content\/uploads\/2022\/01\/menu-150x150.png 150w, https:\/\/nutriratxe.com\/wp-content\/uploads\/2022\/01\/menu-768x768.png 768w, https:\/\/nutriratxe.com\/wp-content\/uploads\/2022\/01\/menu-250x250.png 250w, https:\/\/nutriratxe.com\/wp-content\/uploads\/2022\/01\/menu.png 1080w\" sizes=\"(max-width: 1024px) 100vw, 1024px\" \/>\t\t\t\t\t\t\t\t\t\t\t<\/div>\n\t\t\t\t<\/div>\n\t\t\t\t<\/div>\n\t\t\t\t\t\t<\/div>\n\t\t\t\t\t<\/div>\n\t\t<\/div>\n\t\t\t\t\t\t\t\t<\/div>\n\t\t\t\t\t<\/div>\n\t\t<\/section>\n\t\t\t\t<div class=\"elementor-element elementor-element-f591158 elementor-widget elementor-widget-text-editor\" data-id=\"f591158\" data-element_type=\"widget\" data-widget_type=\"text-editor.default\">\n\t\t\t\t<div class=\"elementor-widget-container\">\n\t\t\t\t\t<div class=\"elementor-text-editor elementor-clearfix\"><p>Puedes ver m\u00e1s infograf\u00edas en nuestro Instagram <em><strong><a href=\"https:\/\/www.instagram.com\/nutriratxe\/?hl=es\">@nutriratxe<\/a><\/strong><\/em><\/p><\/div>\n\t\t\t\t<\/div>\n\t\t\t\t<\/div>\n\t\t\t\t\t\t<\/div>\n\t\t\t\t\t<\/div>\n\t\t<\/div>\n\t\t\t\t\t\t\t\t<\/div>\n\t\t\t\t\t<\/div>\n\t\t<\/section>\n\t\t\t\t\t\t<\/div>\n\t\t\t\t\t\t<\/div>\n\t\t\t\t\t<\/div>\n\t\t","protected":false},"excerpt":{"rendered":"<p>PLANIFICACI\u00d3N DE MEN\u00daS \u00bfEn qu\u00e9 consiste? \u00a0Buscaremos el equilibrio perfecto para ello, consumiendo hidratos de carbono de calidad, frutas, verduras y hortalizas, prote\u00ednas de calidad, grasas saludables&#8230; Planificamos tus estructuras semanales o mensuales, junto con los men\u00fas correspondientes. Adem\u00e1s te daremos recetas saludables para que puedas disfrutar cocinando. Cu\u00e9ntanos tu objetivo (\u00e1mbito escolar, restauraci\u00f3n colectiva, &hellip;<\/p>\n<p class=\"read-more\"> <a class=\"\" href=\"https:\/\/nutriratxe.com\/index.php\/menus\/\"> <span class=\"screen-reader-text\">Planificaci\u00f3n de men\u00fas<\/span> Leer m\u00e1s &raquo;<\/a><\/p>\n","protected":false},"author":1,"featured_media":0,"parent":0,"menu_order":0,"comment_status":"closed","ping_status":"closed","template":"","meta":{"_monsterinsights_skip_tracking":false,"_monsterinsights_sitenote_active":false,"_monsterinsights_sitenote_note":"","_monsterinsights_sitenote_category":0},"uagb_featured_image_src":{"full":false,"thumbnail":false,"medium":false,"medium_large":false,"large":false,"1536x1536":false,"2048x2048":false,"bm-post-thumb":false,"bm-post-medium":false},"uagb_author_info":{"display_name":"Centro de nutrici\u00f3n Nutriratxe","author_link":"https:\/\/nutriratxe.com\/index.php\/author\/nutriratxegmail-com\/"},"uagb_comment_info":0,"uagb_excerpt":"PLANIFICACI\u00d3N DE MEN\u00daS \u00bfEn qu\u00e9 consiste? \u00a0Buscaremos el equilibrio perfecto para ello, consumiendo hidratos de carbono de calidad, frutas, verduras y hortalizas, prote\u00ednas de calidad, grasas saludables&#8230; Planificamos tus estructuras semanales o mensuales, junto con los men\u00fas correspondientes. Adem\u00e1s te daremos recetas saludables para que puedas disfrutar cocinando. Cu\u00e9ntanos tu objetivo (\u00e1mbito escolar, restauraci\u00f3n colectiva,&hellip;","_links":{"self":[{"href":"https:\/\/nutriratxe.com\/index.php\/wp-json\/wp\/v2\/pages\/2850"}],"collection":[{"href":"https:\/\/nutriratxe.com\/index.php\/wp-json\/wp\/v2\/pages"}],"about":[{"href":"https:\/\/nutriratxe.com\/index.php\/wp-json\/wp\/v2\/types\/page"}],"author":[{"embeddable":true,"href":"https:\/\/nutriratxe.com\/index.php\/wp-json\/wp\/v2\/users\/1"}],"replies":[{"embeddable":true,"href":"https:\/\/nutriratxe.com\/index.php\/wp-json\/wp\/v2\/comments?post=2850"}],"version-history":[{"count":57,"href":"https:\/\/nutriratxe.com\/index.php\/wp-json\/wp\/v2\/pages\/2850\/revisions"}],"predecessor-version":[{"id":3622,"href":"https:\/\/nutriratxe.com\/index.php\/wp-json\/wp\/v2\/pages\/2850\/revisions\/3622"}],"wp:attachment":[{"href":"https:\/\/nutriratxe.com\/index.php\/wp-json\/wp\/v2\/media?parent=2850"}],"curies":[{"name":"wp","href":"https:\/\/api.w.org\/{rel}","templated":true}]}}