{"id":2056,"date":"2020-11-20T15:14:30","date_gmt":"2020-11-20T15:14:30","guid":{"rendered":"http:\/\/nutriratxe.com\/?page_id=2056"},"modified":"2025-08-05T14:58:14","modified_gmt":"2025-08-05T14:58:14","slug":"nutricion-clinica","status":"publish","type":"page","link":"https:\/\/nutriratxe.com\/index.php\/nutricion-clinica\/","title":{"rendered":"Nutrici\u00f3n cl\u00ednica"},"content":{"rendered":"\t\t<div data-elementor-type=\"wp-page\" data-elementor-id=\"2056\" class=\"elementor elementor-2056\" data-elementor-settings=\"[]\">\n\t\t\t\t\t\t<div class=\"elementor-inner\">\n\t\t\t\t\t\t\t<div class=\"elementor-section-wrap\">\n\t\t\t\t\t\t\t<section class=\"elementor-section elementor-top-section elementor-element elementor-element-92d385f elementor-section-boxed elementor-section-height-default elementor-section-height-default\" data-id=\"92d385f\" data-element_type=\"section\">\n\t\t\t\t\t\t<div class=\"elementor-container elementor-column-gap-default\">\n\t\t\t\t\t\t\t<div class=\"elementor-row\">\n\t\t\t\t\t<div class=\"elementor-column elementor-col-100 elementor-top-column elementor-element elementor-element-45f984e\" data-id=\"45f984e\" data-element_type=\"column\">\n\t\t\t<div class=\"elementor-column-wrap elementor-element-populated\">\n\t\t\t\t\t\t\t<div class=\"elementor-widget-wrap\">\n\t\t\t\t\t\t<div class=\"elementor-element elementor-element-acbb4cf elementor-widget elementor-widget-heading\" data-id=\"acbb4cf\" data-element_type=\"widget\" data-widget_type=\"heading.default\">\n\t\t\t\t<div class=\"elementor-widget-container\">\n\t\t\t<h3 class=\"elementor-heading-title elementor-size-default\">NUTRICI\u00d3N CL\u00cdNICA<\/h3>\t\t<\/div>\n\t\t\t\t<\/div>\n\t\t\t\t\t\t<\/div>\n\t\t\t\t\t<\/div>\n\t\t<\/div>\n\t\t\t\t\t\t\t\t<\/div>\n\t\t\t\t\t<\/div>\n\t\t<\/section>\n\t\t\t\t<section class=\"elementor-section elementor-top-section elementor-element elementor-element-f94f1ea elementor-section-boxed elementor-section-height-default elementor-section-height-default\" data-id=\"f94f1ea\" data-element_type=\"section\">\n\t\t\t\t\t\t<div class=\"elementor-container elementor-column-gap-default\">\n\t\t\t\t\t\t\t<div class=\"elementor-row\">\n\t\t\t\t\t<div class=\"elementor-column elementor-col-100 elementor-top-column elementor-element elementor-element-864ca81\" data-id=\"864ca81\" data-element_type=\"column\" data-settings=\"{&quot;background_background&quot;:&quot;classic&quot;}\">\n\t\t\t<div class=\"elementor-column-wrap elementor-element-populated\">\n\t\t\t\t\t\t\t<div class=\"elementor-widget-wrap\">\n\t\t\t\t\t\t<div class=\"elementor-element elementor-element-01d40ef elementor-widget elementor-widget-heading\" data-id=\"01d40ef\" data-element_type=\"widget\" data-widget_type=\"heading.default\">\n\t\t\t\t<div class=\"elementor-widget-container\">\n\t\t\t<h4 class=\"elementor-heading-title elementor-size-default\">\u00bfQu\u00e9 es?<\/h4>\t\t<\/div>\n\t\t\t\t<\/div>\n\t\t\t\t\t\t<\/div>\n\t\t\t\t\t<\/div>\n\t\t<\/div>\n\t\t\t\t\t\t\t\t<\/div>\n\t\t\t\t\t<\/div>\n\t\t<\/section>\n\t\t\t\t<section class=\"elementor-section elementor-top-section elementor-element elementor-element-11695e7 elementor-section-boxed elementor-section-height-default elementor-section-height-default\" data-id=\"11695e7\" data-element_type=\"section\">\n\t\t\t\t\t\t<div class=\"elementor-container elementor-column-gap-default\">\n\t\t\t\t\t\t\t<div class=\"elementor-row\">\n\t\t\t\t\t<div class=\"elementor-column elementor-col-100 elementor-top-column elementor-element elementor-element-43392f6\" data-id=\"43392f6\" data-element_type=\"column\">\n\t\t\t<div class=\"elementor-column-wrap elementor-element-populated\">\n\t\t\t\t\t\t\t<div class=\"elementor-widget-wrap\">\n\t\t\t\t\t\t<div class=\"elementor-element elementor-element-971993f elementor-widget elementor-widget-text-editor\" data-id=\"971993f\" data-element_type=\"widget\" data-widget_type=\"text-editor.default\">\n\t\t\t\t<div class=\"elementor-widget-container\">\n\t\t\t\t\t<div class=\"elementor-text-editor elementor-clearfix\"><p class=\"cmparagraph\">La nutrici\u00f3n cl\u00ednica es la parte de la medicina que se ocupa de atender a aquellos pacientes que padecen enfermedades en las que una <strong>alimentaci\u00f3n adecuada<\/strong> forma parte de su <strong>tratamiento<\/strong>.<\/p><p class=\"cmparagraph\">En el \u00e1mbito de la medicina preventiva, la nutrici\u00f3n cl\u00ednica da consejos para prevenir la aparici\u00f3n de enfermedades vinculadas a una alimentaci\u00f3n inadecuada.<\/p><\/div>\n\t\t\t\t<\/div>\n\t\t\t\t<\/div>\n\t\t\t\t\t\t<\/div>\n\t\t\t\t\t<\/div>\n\t\t<\/div>\n\t\t\t\t\t\t\t\t<\/div>\n\t\t\t\t\t<\/div>\n\t\t<\/section>\n\t\t\t\t<section class=\"elementor-section elementor-top-section elementor-element elementor-element-0550d4a elementor-section-boxed elementor-section-height-default elementor-section-height-default\" data-id=\"0550d4a\" data-element_type=\"section\">\n\t\t\t\t\t\t<div class=\"elementor-container elementor-column-gap-default\">\n\t\t\t\t\t\t\t<div class=\"elementor-row\">\n\t\t\t\t\t<div class=\"elementor-column elementor-col-50 elementor-top-column elementor-element elementor-element-193582b\" data-id=\"193582b\" data-element_type=\"column\">\n\t\t\t<div class=\"elementor-column-wrap elementor-element-populated\">\n\t\t\t\t\t\t\t<div class=\"elementor-widget-wrap\">\n\t\t\t\t\t\t<div class=\"elementor-element elementor-element-eac2a72 elementor-widget elementor-widget-heading\" data-id=\"eac2a72\" data-element_type=\"widget\" data-widget_type=\"heading.default\">\n\t\t\t\t<div class=\"elementor-widget-container\">\n\t\t\t<h6 class=\"elementor-heading-title elementor-size-default\">\u00bfCon qu\u00e9 patolog\u00edas trabajamos?<\/h6>\t\t<\/div>\n\t\t\t\t<\/div>\n\t\t\t\t<div class=\"elementor-element elementor-element-b54d6f6 elementor-widget elementor-widget-text-editor\" data-id=\"b54d6f6\" data-element_type=\"widget\" data-widget_type=\"text-editor.default\">\n\t\t\t\t<div class=\"elementor-widget-container\">\n\t\t\t\t\t<div class=\"elementor-text-editor elementor-clearfix\"><ul><li><strong><span style=\"vertical-align: inherit;\"><span style=\"vertical-align: inherit;\">Dislipemias<\/span><\/span><\/strong><\/li><li><strong><span style=\"vertical-align: inherit;\"><span style=\"vertical-align: inherit;\">Hipertensi\u00f3n arterial<\/span><\/span><\/strong><\/li><li><span style=\"vertical-align: inherit;\"><span style=\"vertical-align: inherit;\"><strong>Patolog\u00edas digestivas<\/strong> como: intolerancias alimentarias, alergias, estre\u00f1imiento, distensi\u00f3n abdominal, diarreas, colon irritable, gastritis &#8230;<\/span><\/span><\/li><li><span style=\"vertical-align: inherit;\"><span style=\"vertical-align: inherit;\"><strong>Sobrepeso, obesidad y p\u00e9rdidas de peso<\/strong><\/span><\/span><\/li><li><span style=\"vertical-align: inherit;\"><span style=\"vertical-align: inherit;\"><strong>Patolog\u00edas endocrinas:<\/strong> hipertiroidismo, hipotiroidismo&#8230;<\/span><\/span><\/li><\/ul><\/div>\n\t\t\t\t<\/div>\n\t\t\t\t<\/div>\n\t\t\t\t<div class=\"elementor-element elementor-element-8c06cfe elementor-widget elementor-widget-button\" data-id=\"8c06cfe\" data-element_type=\"widget\" data-widget_type=\"button.default\">\n\t\t\t\t<div class=\"elementor-widget-container\">\n\t\t\t\t\t<div class=\"elementor-button-wrapper\">\n\t\t\t<a href=\"https:\/\/nutriratxe.com\/index.php\/tarifas\/\" class=\"elementor-button-link elementor-button elementor-size-sm\" role=\"button\">\n\t\t\t\t\t\t<span class=\"elementor-button-content-wrapper\">\n\t\t\t\t\t\t<span class=\"elementor-button-text\">TARIFAS<\/span>\n\t\t<\/span>\n\t\t\t\t\t<\/a>\n\t\t<\/div>\n\t\t\t\t<\/div>\n\t\t\t\t<\/div>\n\t\t\t\t\t\t<\/div>\n\t\t\t\t\t<\/div>\n\t\t<\/div>\n\t\t\t\t<div class=\"elementor-column elementor-col-50 elementor-top-column elementor-element elementor-element-ced077a\" data-id=\"ced077a\" data-element_type=\"column\">\n\t\t\t<div class=\"elementor-column-wrap elementor-element-populated\">\n\t\t\t\t\t\t\t<div class=\"elementor-widget-wrap\">\n\t\t\t\t\t\t<div class=\"elementor-element elementor-element-701d934 elementor-widget elementor-widget-image\" data-id=\"701d934\" data-element_type=\"widget\" data-widget_type=\"image.default\">\n\t\t\t\t<div class=\"elementor-widget-container\">\n\t\t\t\t\t<div class=\"elementor-image\">\n\t\t\t\t\t\t\t\t\t\t<img width=\"1024\" height=\"534\" src=\"https:\/\/nutriratxe.com\/wp-content\/uploads\/2020\/08\/ibs-probiotic-gut-5308379-1024x534.jpg\" class=\"attachment-large size-large\" alt=\"ibs, probiotic, gut\" loading=\"lazy\" srcset=\"https:\/\/nutriratxe.com\/wp-content\/uploads\/2020\/08\/ibs-probiotic-gut-5308379-1024x534.jpg 1024w, https:\/\/nutriratxe.com\/wp-content\/uploads\/2020\/08\/ibs-probiotic-gut-5308379-300x156.jpg 300w, https:\/\/nutriratxe.com\/wp-content\/uploads\/2020\/08\/ibs-probiotic-gut-5308379-768x400.jpg 768w, https:\/\/nutriratxe.com\/wp-content\/uploads\/2020\/08\/ibs-probiotic-gut-5308379.jpg 1280w\" sizes=\"(max-width: 1024px) 100vw, 1024px\" \/>\t\t\t\t\t\t\t\t\t\t\t<\/div>\n\t\t\t\t<\/div>\n\t\t\t\t<\/div>\n\t\t\t\t\t\t<\/div>\n\t\t\t\t\t<\/div>\n\t\t<\/div>\n\t\t\t\t\t\t\t\t<\/div>\n\t\t\t\t\t<\/div>\n\t\t<\/section>\n\t\t\t\t<section class=\"elementor-section elementor-top-section elementor-element elementor-element-20fc2f5 elementor-section-boxed elementor-section-height-default elementor-section-height-default\" data-id=\"20fc2f5\" data-element_type=\"section\">\n\t\t\t\t\t\t<div class=\"elementor-container elementor-column-gap-default\">\n\t\t\t\t\t\t\t<div class=\"elementor-row\">\n\t\t\t\t\t<div class=\"elementor-column elementor-col-100 elementor-top-column elementor-element elementor-element-3671ff2\" data-id=\"3671ff2\" data-element_type=\"column\" data-settings=\"{&quot;background_background&quot;:&quot;classic&quot;}\">\n\t\t\t<div class=\"elementor-column-wrap elementor-element-populated\">\n\t\t\t\t\t\t\t<div class=\"elementor-widget-wrap\">\n\t\t\t\t\t\t<section class=\"elementor-section elementor-inner-section elementor-element elementor-element-0650fd7 elementor-section-boxed elementor-section-height-default elementor-section-height-default\" data-id=\"0650fd7\" data-element_type=\"section\">\n\t\t\t\t\t\t<div class=\"elementor-container elementor-column-gap-default\">\n\t\t\t\t\t\t\t<div class=\"elementor-row\">\n\t\t\t\t\t<div class=\"elementor-column elementor-col-50 elementor-inner-column elementor-element elementor-element-a8ff89c\" data-id=\"a8ff89c\" data-element_type=\"column\">\n\t\t\t<div class=\"elementor-column-wrap elementor-element-populated\">\n\t\t\t\t\t\t\t<div class=\"elementor-widget-wrap\">\n\t\t\t\t\t\t<div class=\"elementor-element elementor-element-9fae1fd elementor-view-default elementor-widget elementor-widget-icon\" data-id=\"9fae1fd\" data-element_type=\"widget\" data-widget_type=\"icon.default\">\n\t\t\t\t<div class=\"elementor-widget-container\">\n\t\t\t\t\t<div class=\"elementor-icon-wrapper\">\n\t\t\t<div class=\"elementor-icon\">\n\t\t\t<i aria-hidden=\"true\" class=\"fab fa-whatsapp\"><\/i>\t\t\t<\/div>\n\t\t<\/div>\n\t\t\t\t<\/div>\n\t\t\t\t<\/div>\n\t\t\t\t<div class=\"elementor-element elementor-element-485f6e3 elementor-widget elementor-widget-heading\" data-id=\"485f6e3\" data-element_type=\"widget\" data-widget_type=\"heading.default\">\n\t\t\t\t<div class=\"elementor-widget-container\">\n\t\t\t<h6 class=\"elementor-heading-title elementor-size-default\">690 30 91 18<\/h6>\t\t<\/div>\n\t\t\t\t<\/div>\n\t\t\t\t\t\t<\/div>\n\t\t\t\t\t<\/div>\n\t\t<\/div>\n\t\t\t\t<div class=\"elementor-column elementor-col-50 elementor-inner-column elementor-element elementor-element-dff4a6e\" data-id=\"dff4a6e\" data-element_type=\"column\">\n\t\t\t<div class=\"elementor-column-wrap elementor-element-populated\">\n\t\t\t\t\t\t\t<div class=\"elementor-widget-wrap\">\n\t\t\t\t\t\t<div class=\"elementor-element elementor-element-883ee63 elementor-view-default elementor-widget elementor-widget-icon\" data-id=\"883ee63\" data-element_type=\"widget\" data-widget_type=\"icon.default\">\n\t\t\t\t<div class=\"elementor-widget-container\">\n\t\t\t\t\t<div class=\"elementor-icon-wrapper\">\n\t\t\t<div class=\"elementor-icon\">\n\t\t\t<i aria-hidden=\"true\" class=\"far fa-envelope\"><\/i>\t\t\t<\/div>\n\t\t<\/div>\n\t\t\t\t<\/div>\n\t\t\t\t<\/div>\n\t\t\t\t<div class=\"elementor-element elementor-element-58cde0c elementor-widget elementor-widget-heading\" data-id=\"58cde0c\" data-element_type=\"widget\" data-widget_type=\"heading.default\">\n\t\t\t\t<div class=\"elementor-widget-container\">\n\t\t\t<h6 class=\"elementor-heading-title elementor-size-default\">nutriratxe@gmail.com<\/h6>\t\t<\/div>\n\t\t\t\t<\/div>\n\t\t\t\t\t\t<\/div>\n\t\t\t\t\t<\/div>\n\t\t<\/div>\n\t\t\t\t\t\t\t\t<\/div>\n\t\t\t\t\t<\/div>\n\t\t<\/section>\n\t\t\t\t<div class=\"elementor-element elementor-element-b1cf3f7 elementor-widget elementor-widget-heading\" data-id=\"b1cf3f7\" data-element_type=\"widget\" data-widget_type=\"heading.default\">\n\t\t\t\t<div class=\"elementor-widget-container\">\n\t\t\t<h3 class=\"elementor-heading-title elementor-size-default\">ESCR\u00cdBENOS PARA M\u00c1S INFORMACI\u00d3N<\/h3>\t\t<\/div>\n\t\t\t\t<\/div>\n\t\t\t\t\t\t<\/div>\n\t\t\t\t\t<\/div>\n\t\t<\/div>\n\t\t\t\t\t\t\t\t<\/div>\n\t\t\t\t\t<\/div>\n\t\t<\/section>\n\t\t\t\t\t\t<\/div>\n\t\t\t\t\t\t<\/div>\n\t\t\t\t\t<\/div>\n\t\t","protected":false},"excerpt":{"rendered":"<p>NUTRICI\u00d3N CL\u00cdNICA \u00bfQu\u00e9 es? La nutrici\u00f3n cl\u00ednica es la parte de la medicina que se ocupa de atender a aquellos pacientes que padecen enfermedades en las que una alimentaci\u00f3n adecuada forma parte de su tratamiento. En el \u00e1mbito de la medicina preventiva, la nutrici\u00f3n cl\u00ednica da consejos para prevenir la aparici\u00f3n de enfermedades vinculadas a &hellip;<\/p>\n<p class=\"read-more\"> <a class=\"\" href=\"https:\/\/nutriratxe.com\/index.php\/nutricion-clinica\/\"> <span class=\"screen-reader-text\">Nutrici\u00f3n cl\u00ednica<\/span> Leer m\u00e1s &raquo;<\/a><\/p>\n","protected":false},"author":1,"featured_media":0,"parent":0,"menu_order":0,"comment_status":"closed","ping_status":"closed","template":"","meta":{"_monsterinsights_skip_tracking":false,"_monsterinsights_sitenote_active":false,"_monsterinsights_sitenote_note":"","_monsterinsights_sitenote_category":0},"uagb_featured_image_src":{"full":false,"thumbnail":false,"medium":false,"medium_large":false,"large":false,"1536x1536":false,"2048x2048":false,"bm-post-thumb":false,"bm-post-medium":false},"uagb_author_info":{"display_name":"Centro de nutrici\u00f3n Nutriratxe","author_link":"https:\/\/nutriratxe.com\/index.php\/author\/nutriratxegmail-com\/"},"uagb_comment_info":0,"uagb_excerpt":"NUTRICI\u00d3N CL\u00cdNICA \u00bfQu\u00e9 es? La nutrici\u00f3n cl\u00ednica es la parte de la medicina que se ocupa de atender a aquellos pacientes que padecen enfermedades en las que una alimentaci\u00f3n adecuada forma parte de su tratamiento. En el \u00e1mbito de la medicina preventiva, la nutrici\u00f3n cl\u00ednica da consejos para prevenir la aparici\u00f3n de enfermedades vinculadas a&hellip;","_links":{"self":[{"href":"https:\/\/nutriratxe.com\/index.php\/wp-json\/wp\/v2\/pages\/2056"}],"collection":[{"href":"https:\/\/nutriratxe.com\/index.php\/wp-json\/wp\/v2\/pages"}],"about":[{"href":"https:\/\/nutriratxe.com\/index.php\/wp-json\/wp\/v2\/types\/page"}],"author":[{"embeddable":true,"href":"https:\/\/nutriratxe.com\/index.php\/wp-json\/wp\/v2\/users\/1"}],"replies":[{"embeddable":true,"href":"https:\/\/nutriratxe.com\/index.php\/wp-json\/wp\/v2\/comments?post=2056"}],"version-history":[{"count":50,"href":"https:\/\/nutriratxe.com\/index.php\/wp-json\/wp\/v2\/pages\/2056\/revisions"}],"predecessor-version":[{"id":3619,"href":"https:\/\/nutriratxe.com\/index.php\/wp-json\/wp\/v2\/pages\/2056\/revisions\/3619"}],"wp:attachment":[{"href":"https:\/\/nutriratxe.com\/index.php\/wp-json\/wp\/v2\/media?parent=2056"}],"curies":[{"name":"wp","href":"https:\/\/api.w.org\/{rel}","templated":true}]}}