{"id":1683,"date":"2020-08-15T10:25:23","date_gmt":"2020-08-15T10:25:23","guid":{"rendered":"http:\/\/nutriratxe.com\/?page_id=1683"},"modified":"2025-08-05T14:52:07","modified_gmt":"2025-08-05T14:52:07","slug":"nutricion-deportiva","status":"publish","type":"page","link":"https:\/\/nutriratxe.com\/index.php\/nutricion-deportiva\/","title":{"rendered":"Nutrici\u00f3n deportiva"},"content":{"rendered":"\t\t<div data-elementor-type=\"wp-page\" data-elementor-id=\"1683\" class=\"elementor elementor-1683\" data-elementor-settings=\"[]\">\n\t\t\t\t\t\t<div class=\"elementor-inner\">\n\t\t\t\t\t\t\t<div class=\"elementor-section-wrap\">\n\t\t\t\t\t\t\t<section class=\"elementor-section elementor-top-section elementor-element elementor-element-31bc991 elementor-section-boxed elementor-section-height-default elementor-section-height-default\" data-id=\"31bc991\" data-element_type=\"section\">\n\t\t\t\t\t\t<div class=\"elementor-container elementor-column-gap-default\">\n\t\t\t\t\t\t\t<div class=\"elementor-row\">\n\t\t\t\t\t<div class=\"elementor-column elementor-col-100 elementor-top-column elementor-element elementor-element-33fce6b\" data-id=\"33fce6b\" data-element_type=\"column\">\n\t\t\t<div class=\"elementor-column-wrap elementor-element-populated\">\n\t\t\t\t\t\t\t<div class=\"elementor-widget-wrap\">\n\t\t\t\t\t\t<div class=\"elementor-element elementor-element-4de66a9 elementor-widget elementor-widget-heading\" data-id=\"4de66a9\" data-element_type=\"widget\" data-widget_type=\"heading.default\">\n\t\t\t\t<div class=\"elementor-widget-container\">\n\t\t\t<h2 class=\"elementor-heading-title elementor-size-default\">NUTRICI\u00d3N DEPORTIVA<\/h2>\t\t<\/div>\n\t\t\t\t<\/div>\n\t\t\t\t\t\t<\/div>\n\t\t\t\t\t<\/div>\n\t\t<\/div>\n\t\t\t\t\t\t\t\t<\/div>\n\t\t\t\t\t<\/div>\n\t\t<\/section>\n\t\t\t\t<section class=\"elementor-section elementor-top-section elementor-element elementor-element-c6e9e36 elementor-section-boxed elementor-section-height-default elementor-section-height-default\" data-id=\"c6e9e36\" data-element_type=\"section\">\n\t\t\t\t\t\t<div class=\"elementor-container elementor-column-gap-default\">\n\t\t\t\t\t\t\t<div class=\"elementor-row\">\n\t\t\t\t\t<div class=\"elementor-column elementor-col-100 elementor-top-column elementor-element elementor-element-2552781\" data-id=\"2552781\" data-element_type=\"column\" data-settings=\"{&quot;background_background&quot;:&quot;classic&quot;}\">\n\t\t\t<div class=\"elementor-column-wrap elementor-element-populated\">\n\t\t\t\t\t\t\t<div class=\"elementor-widget-wrap\">\n\t\t\t\t\t\t<div class=\"elementor-element elementor-element-45f563d elementor-widget elementor-widget-heading\" data-id=\"45f563d\" data-element_type=\"widget\" data-widget_type=\"heading.default\">\n\t\t\t\t<div class=\"elementor-widget-container\">\n\t\t\t<h5 class=\"elementor-heading-title elementor-size-default\">\u00bfEn qu\u00e9 consiste?<\/h5>\t\t<\/div>\n\t\t\t\t<\/div>\n\t\t\t\t\t\t<\/div>\n\t\t\t\t\t<\/div>\n\t\t<\/div>\n\t\t\t\t\t\t\t\t<\/div>\n\t\t\t\t\t<\/div>\n\t\t<\/section>\n\t\t\t\t<section class=\"elementor-section elementor-top-section elementor-element elementor-element-01b0936 elementor-section-boxed elementor-section-height-default elementor-section-height-default\" data-id=\"01b0936\" data-element_type=\"section\">\n\t\t\t\t\t\t<div class=\"elementor-container elementor-column-gap-default\">\n\t\t\t\t\t\t\t<div class=\"elementor-row\">\n\t\t\t\t\t<div class=\"elementor-column elementor-col-100 elementor-top-column elementor-element elementor-element-f9c7ba1\" data-id=\"f9c7ba1\" data-element_type=\"column\" data-settings=\"{&quot;background_background&quot;:&quot;classic&quot;}\">\n\t\t\t<div class=\"elementor-column-wrap elementor-element-populated\">\n\t\t\t\t\t\t\t<div class=\"elementor-widget-wrap\">\n\t\t\t\t\t\t<div class=\"elementor-element elementor-element-f77e8a6 elementor-widget elementor-widget-text-editor\" data-id=\"f77e8a6\" data-element_type=\"widget\" data-widget_type=\"text-editor.default\">\n\t\t\t\t<div class=\"elementor-widget-container\">\n\t\t\t\t\t<div class=\"elementor-text-editor elementor-clearfix\"><p>La nutrici\u00f3n deportiva es la herramienta de apoyo para aquellos deportistas, ya sean principiantes, habituales o profesionales, necesario para\u00a0 <strong>abordar correctamente su actividad, maximizar el rendimiento, asegurar un \u00f3ptimo estado de salud, y alcanzar aquellas metas personales y competitivas<\/strong> .\u00a0<\/p><p>Adem\u00e1s, en nuestro centro conocemos la exigencia f\u00edsica y mental de la preparaci\u00f3n para las <strong>oposiciones de polic\u00edas y bomberos<\/strong>.\u00a0 Son muchas horas las que se emplean en entrenar para conseguir la mejor marca y alcanzar as\u00ed la m\u00e1xima puntuaci\u00f3n. Afinar las necesidades energ\u00e9ticas e incluir todo tipo de alimentos (frutas, verduras, carnes, pescados, arroz, pasta, patata&#8230;.) son claves para alcanzar esos objetivos planteados por los entrenadores.\u00a0<\/p><p><span style=\"vertical-align: inherit;\">En el centro de nutrici\u00f3n NUTRIRATXE te ayudaremos a conseguir tus <strong>objetivos deportivos y maximizamos tu rendimiento deportivo<\/strong>, para que tus \u00e9xitos tambi\u00e9n sean los nuestros.<\/span><\/p><\/div>\n\t\t\t\t<\/div>\n\t\t\t\t<\/div>\n\t\t\t\t<section class=\"elementor-section elementor-inner-section elementor-element elementor-element-04d6270 elementor-section-boxed elementor-section-height-default elementor-section-height-default\" data-id=\"04d6270\" data-element_type=\"section\">\n\t\t\t\t\t\t<div class=\"elementor-container elementor-column-gap-default\">\n\t\t\t\t\t\t\t<div class=\"elementor-row\">\n\t\t\t\t\t<div class=\"elementor-column elementor-col-50 elementor-inner-column elementor-element elementor-element-48da669\" data-id=\"48da669\" data-element_type=\"column\">\n\t\t\t<div class=\"elementor-column-wrap elementor-element-populated\">\n\t\t\t\t\t\t\t<div class=\"elementor-widget-wrap\">\n\t\t\t\t\t\t<div class=\"elementor-element elementor-element-b36ed3d elementor-widget elementor-widget-image\" data-id=\"b36ed3d\" data-element_type=\"widget\" data-widget_type=\"image.default\">\n\t\t\t\t<div class=\"elementor-widget-container\">\n\t\t\t\t\t<div class=\"elementor-image\">\n\t\t\t\t\t\t\t\t\t\t<img width=\"1024\" height=\"682\" src=\"https:\/\/nutriratxe.com\/wp-content\/uploads\/2020\/08\/swimmers-swimming-race-79592-1024x682.jpg\" class=\"attachment-large size-large\" alt=\"swimmers, swimming, race\" loading=\"lazy\" srcset=\"https:\/\/nutriratxe.com\/wp-content\/uploads\/2020\/08\/swimmers-swimming-race-79592-1024x682.jpg 1024w, https:\/\/nutriratxe.com\/wp-content\/uploads\/2020\/08\/swimmers-swimming-race-79592-300x200.jpg 300w, https:\/\/nutriratxe.com\/wp-content\/uploads\/2020\/08\/swimmers-swimming-race-79592-768x512.jpg 768w, https:\/\/nutriratxe.com\/wp-content\/uploads\/2020\/08\/swimmers-swimming-race-79592.jpg 1280w\" sizes=\"(max-width: 1024px) 100vw, 1024px\" \/>\t\t\t\t\t\t\t\t\t\t\t<\/div>\n\t\t\t\t<\/div>\n\t\t\t\t<\/div>\n\t\t\t\t\t\t<\/div>\n\t\t\t\t\t<\/div>\n\t\t<\/div>\n\t\t\t\t<div class=\"elementor-column elementor-col-50 elementor-inner-column elementor-element elementor-element-88af478\" data-id=\"88af478\" data-element_type=\"column\">\n\t\t\t<div class=\"elementor-column-wrap elementor-element-populated\">\n\t\t\t\t\t\t\t<div class=\"elementor-widget-wrap\">\n\t\t\t\t\t\t<div class=\"elementor-element elementor-element-3dddb46 elementor-widget elementor-widget-heading\" data-id=\"3dddb46\" data-element_type=\"widget\" data-widget_type=\"heading.default\">\n\t\t\t\t<div class=\"elementor-widget-container\">\n\t\t\t<h5 class=\"elementor-heading-title elementor-size-default\">\u00bfQu\u00e9 ofrecemos?<\/h5>\t\t<\/div>\n\t\t\t\t<\/div>\n\t\t\t\t<div class=\"elementor-element elementor-element-d7045a2 elementor-widget elementor-widget-text-editor\" data-id=\"d7045a2\" data-element_type=\"widget\" data-widget_type=\"text-editor.default\">\n\t\t\t\t<div class=\"elementor-widget-container\">\n\t\t\t\t\t<div class=\"elementor-text-editor elementor-clearfix\"><ul><li><strong><span style=\"vertical-align: inherit;\">Antropometr\u00edas y estudio de composici\u00f3n corporal<\/span><\/strong><\/li><li><strong><span style=\"vertical-align: inherit;\">Adaptaci\u00f3n a planes de entrenamiento\u00a0<\/span><\/strong><\/li><li><strong><span style=\"vertical-align: inherit;\">Preparaci\u00f3n de competiciones, pruebas f\u00edsicas y oposiciones<\/span><\/strong><\/li><li><strong><span style=\"vertical-align: inherit;\">Deportistas profesionales\u00a0<\/span><\/strong><\/li><li><strong><span style=\"vertical-align: inherit;\">Equipos y clubes deportivos\u00a0<\/span><\/strong><\/li><li><strong><span style=\"vertical-align: inherit;\">Asesor\u00eda en suplementaci\u00f3n deportiva<\/span><\/strong><\/li><\/ul><\/div>\n\t\t\t\t<\/div>\n\t\t\t\t<\/div>\n\t\t\t\t<div class=\"elementor-element elementor-element-f7c5271 elementor-align-left elementor-widget elementor-widget-button\" data-id=\"f7c5271\" data-element_type=\"widget\" data-widget_type=\"button.default\">\n\t\t\t\t<div class=\"elementor-widget-container\">\n\t\t\t\t\t<div class=\"elementor-button-wrapper\">\n\t\t\t<a href=\"https:\/\/nutriratxe.com\/index.php\/tarifas\/\" class=\"elementor-button-link elementor-button elementor-size-sm\" role=\"button\">\n\t\t\t\t\t\t<span class=\"elementor-button-content-wrapper\">\n\t\t\t\t\t\t<span class=\"elementor-button-text\">TARIFAS<\/span>\n\t\t<\/span>\n\t\t\t\t\t<\/a>\n\t\t<\/div>\n\t\t\t\t<\/div>\n\t\t\t\t<\/div>\n\t\t\t\t\t\t<\/div>\n\t\t\t\t\t<\/div>\n\t\t<\/div>\n\t\t\t\t\t\t\t\t<\/div>\n\t\t\t\t\t<\/div>\n\t\t<\/section>\n\t\t\t\t\t\t<\/div>\n\t\t\t\t\t<\/div>\n\t\t<\/div>\n\t\t\t\t\t\t\t\t<\/div>\n\t\t\t\t\t<\/div>\n\t\t<\/section>\n\t\t\t\t<section class=\"elementor-section elementor-top-section elementor-element elementor-element-67491f8 elementor-section-boxed elementor-section-height-default elementor-section-height-default\" data-id=\"67491f8\" data-element_type=\"section\">\n\t\t\t\t\t\t<div class=\"elementor-container elementor-column-gap-default\">\n\t\t\t\t\t\t\t<div class=\"elementor-row\">\n\t\t\t\t\t<div class=\"elementor-column elementor-col-100 elementor-top-column elementor-element elementor-element-c27e02b\" data-id=\"c27e02b\" data-element_type=\"column\" data-settings=\"{&quot;background_background&quot;:&quot;classic&quot;}\">\n\t\t\t<div class=\"elementor-column-wrap elementor-element-populated\">\n\t\t\t\t\t\t\t<div class=\"elementor-widget-wrap\">\n\t\t\t\t\t\t<div class=\"elementor-element elementor-element-f13045e elementor-widget elementor-widget-heading\" data-id=\"f13045e\" data-element_type=\"widget\" data-widget_type=\"heading.default\">\n\t\t\t\t<div class=\"elementor-widget-container\">\n\t\t\t<h3 class=\"elementor-heading-title elementor-size-default\">ESCR\u00cdBENOS PARA M\u00c1S INFORMACI\u00d3N<\/h3>\t\t<\/div>\n\t\t\t\t<\/div>\n\t\t\t\t<section class=\"elementor-section elementor-inner-section elementor-element elementor-element-534106f elementor-section-boxed elementor-section-height-default elementor-section-height-default\" data-id=\"534106f\" data-element_type=\"section\">\n\t\t\t\t\t\t<div class=\"elementor-container elementor-column-gap-default\">\n\t\t\t\t\t\t\t<div class=\"elementor-row\">\n\t\t\t\t\t<div class=\"elementor-column elementor-col-50 elementor-inner-column elementor-element elementor-element-fc456a1\" data-id=\"fc456a1\" data-element_type=\"column\">\n\t\t\t<div class=\"elementor-column-wrap elementor-element-populated\">\n\t\t\t\t\t\t\t<div class=\"elementor-widget-wrap\">\n\t\t\t\t\t\t<div class=\"elementor-element elementor-element-ea86046 elementor-view-default elementor-widget elementor-widget-icon\" data-id=\"ea86046\" data-element_type=\"widget\" data-widget_type=\"icon.default\">\n\t\t\t\t<div class=\"elementor-widget-container\">\n\t\t\t\t\t<div class=\"elementor-icon-wrapper\">\n\t\t\t<div class=\"elementor-icon\">\n\t\t\t<i aria-hidden=\"true\" class=\"fab fa-whatsapp\"><\/i>\t\t\t<\/div>\n\t\t<\/div>\n\t\t\t\t<\/div>\n\t\t\t\t<\/div>\n\t\t\t\t<div class=\"elementor-element elementor-element-237c6c7 elementor-widget elementor-widget-heading\" data-id=\"237c6c7\" data-element_type=\"widget\" data-widget_type=\"heading.default\">\n\t\t\t\t<div class=\"elementor-widget-container\">\n\t\t\t<h5 class=\"elementor-heading-title elementor-size-default\">690 30 91 18<\/h5>\t\t<\/div>\n\t\t\t\t<\/div>\n\t\t\t\t\t\t<\/div>\n\t\t\t\t\t<\/div>\n\t\t<\/div>\n\t\t\t\t<div class=\"elementor-column elementor-col-50 elementor-inner-column elementor-element elementor-element-2608111\" data-id=\"2608111\" data-element_type=\"column\">\n\t\t\t<div class=\"elementor-column-wrap elementor-element-populated\">\n\t\t\t\t\t\t\t<div class=\"elementor-widget-wrap\">\n\t\t\t\t\t\t<div class=\"elementor-element elementor-element-36ecff6 elementor-view-default elementor-widget elementor-widget-icon\" data-id=\"36ecff6\" data-element_type=\"widget\" data-widget_type=\"icon.default\">\n\t\t\t\t<div class=\"elementor-widget-container\">\n\t\t\t\t\t<div class=\"elementor-icon-wrapper\">\n\t\t\t<div class=\"elementor-icon\">\n\t\t\t<i aria-hidden=\"true\" class=\"far fa-envelope\"><\/i>\t\t\t<\/div>\n\t\t<\/div>\n\t\t\t\t<\/div>\n\t\t\t\t<\/div>\n\t\t\t\t<div class=\"elementor-element elementor-element-353b232 elementor-widget elementor-widget-heading\" data-id=\"353b232\" data-element_type=\"widget\" data-widget_type=\"heading.default\">\n\t\t\t\t<div class=\"elementor-widget-container\">\n\t\t\t<h5 class=\"elementor-heading-title elementor-size-default\">nutriratxe@gmail.com<\/h5>\t\t<\/div>\n\t\t\t\t<\/div>\n\t\t\t\t\t\t<\/div>\n\t\t\t\t\t<\/div>\n\t\t<\/div>\n\t\t\t\t\t\t\t\t<\/div>\n\t\t\t\t\t<\/div>\n\t\t<\/section>\n\t\t\t\t\t\t<\/div>\n\t\t\t\t\t<\/div>\n\t\t<\/div>\n\t\t\t\t\t\t\t\t<\/div>\n\t\t\t\t\t<\/div>\n\t\t<\/section>\n\t\t\t\t\t\t<\/div>\n\t\t\t\t\t\t<\/div>\n\t\t\t\t\t<\/div>\n\t\t","protected":false},"excerpt":{"rendered":"<p>NUTRICI\u00d3N DEPORTIVA \u00bfEn qu\u00e9 consiste? La nutrici\u00f3n deportiva es la herramienta de apoyo para aquellos deportistas, ya sean principiantes, habituales o profesionales, necesario para\u00a0 abordar correctamente su actividad, maximizar el rendimiento, asegurar un \u00f3ptimo estado de salud, y alcanzar aquellas metas personales y competitivas .\u00a0 Adem\u00e1s, en nuestro centro conocemos la exigencia f\u00edsica y mental &hellip;<\/p>\n<p class=\"read-more\"> <a class=\"\" href=\"https:\/\/nutriratxe.com\/index.php\/nutricion-deportiva\/\"> <span class=\"screen-reader-text\">Nutrici\u00f3n deportiva<\/span> Leer m\u00e1s &raquo;<\/a><\/p>\n","protected":false},"author":1,"featured_media":0,"parent":0,"menu_order":0,"comment_status":"closed","ping_status":"closed","template":"","meta":{"_monsterinsights_skip_tracking":false,"_monsterinsights_sitenote_active":false,"_monsterinsights_sitenote_note":"","_monsterinsights_sitenote_category":0},"uagb_featured_image_src":{"full":false,"thumbnail":false,"medium":false,"medium_large":false,"large":false,"1536x1536":false,"2048x2048":false,"bm-post-thumb":false,"bm-post-medium":false},"uagb_author_info":{"display_name":"Centro de nutrici\u00f3n Nutriratxe","author_link":"https:\/\/nutriratxe.com\/index.php\/author\/nutriratxegmail-com\/"},"uagb_comment_info":0,"uagb_excerpt":"NUTRICI\u00d3N DEPORTIVA \u00bfEn qu\u00e9 consiste? La nutrici\u00f3n deportiva es la herramienta de apoyo para aquellos deportistas, ya sean principiantes, habituales o profesionales, necesario para\u00a0 abordar correctamente su actividad, maximizar el rendimiento, asegurar un \u00f3ptimo estado de salud, y alcanzar aquellas metas personales y competitivas .\u00a0 Adem\u00e1s, en nuestro centro conocemos la exigencia f\u00edsica y mental&hellip;","_links":{"self":[{"href":"https:\/\/nutriratxe.com\/index.php\/wp-json\/wp\/v2\/pages\/1683"}],"collection":[{"href":"https:\/\/nutriratxe.com\/index.php\/wp-json\/wp\/v2\/pages"}],"about":[{"href":"https:\/\/nutriratxe.com\/index.php\/wp-json\/wp\/v2\/types\/page"}],"author":[{"embeddable":true,"href":"https:\/\/nutriratxe.com\/index.php\/wp-json\/wp\/v2\/users\/1"}],"replies":[{"embeddable":true,"href":"https:\/\/nutriratxe.com\/index.php\/wp-json\/wp\/v2\/comments?post=1683"}],"version-history":[{"count":66,"href":"https:\/\/nutriratxe.com\/index.php\/wp-json\/wp\/v2\/pages\/1683\/revisions"}],"predecessor-version":[{"id":3601,"href":"https:\/\/nutriratxe.com\/index.php\/wp-json\/wp\/v2\/pages\/1683\/revisions\/3601"}],"wp:attachment":[{"href":"https:\/\/nutriratxe.com\/index.php\/wp-json\/wp\/v2\/media?parent=1683"}],"curies":[{"name":"wp","href":"https:\/\/api.w.org\/{rel}","templated":true}]}}